{"id":4517,"date":"2024-01-19T13:24:20","date_gmt":"2024-01-19T11:24:20","guid":{"rendered":"https:\/\/amselclinic.eu\/?page_id=4517"},"modified":"2025-01-28T15:42:46","modified_gmt":"2025-01-28T13:42:46","slug":"tietosuojakaytanto","status":"publish","type":"page","link":"https:\/\/amselclinic.eu\/fi\/tietosuojakaytanto\/","title":{"rendered":"Tietosuojak\u00e4yt\u00e4nt\u00f6"},"content":{"rendered":"\t\t<div data-elementor-type=\"wp-page\" data-elementor-id=\"4517\" class=\"elementor elementor-4517 elementor-1881\" data-elementor-post-type=\"page\">\n\t\t\t\t<div class=\"elementor-element elementor-element-46d19f4 e-flex e-con-boxed e-con e-parent\" data-id=\"46d19f4\" data-element_type=\"container\" data-e-type=\"container\" data-settings=\"{&quot;jet_parallax_layout_list&quot;:[]}\">\n\t\t\t\t\t<div class=\"e-con-inner\">\n\t\t\t\t<div class=\"elementor-element elementor-element-e7bc926 elementor-widget elementor-widget-text-editor\" data-id=\"e7bc926\" data-element_type=\"widget\" data-e-type=\"widget\" data-widget_type=\"text-editor.default\">\n\t\t\t\t<div class=\"elementor-widget-container\">\n\t\t\t\t\t\t\t\t\t<h4>1. YLEISET M\u00c4\u00c4R\u00c4YKSET<\/h4><p>N\u00e4m\u00e4 tietosuojaehdot s\u00e4\u00e4telev\u00e4t www.amselclinic.eu -sivuston kautta ker\u00e4ttyjen henkil\u00f6tietojen k\u00e4sittely\u00e4, johon jokaisen verkkolomakkeen t\u00e4ytt\u00e4v\u00e4n on hyv\u00e4ksytt\u00e4v\u00e4.<\/p><p>Verkkosivuston www.amselclinic.eu omistaja ja rekisterinpit\u00e4j\u00e4 on Bariatric Services AS, osoite Kaluri tee 5a, Haabneeme, Viimsi, kaupparekisteritunnus 12190939, s\u00e4hk\u00f6posti info@amselclinic.eu<\/p><p>Bariatric Services AS:n tietosuoja-asiantuntija on Katrin Sirp, s\u00e4hk\u00f6posti katrin.sirp@bariatricservices.eu<\/p><p>AS Bariatric Servicesin tietosuojaehdot perustuvat Euroopan unionin yleiseen tietosuoja-asetukseen (GDPR &#8211; General Data Protection Regulation) ja Viron tasavallan henkil\u00f6tietolakiin sek\u00e4 muuhun palveluntarjoajan alaa s\u00e4\u00e4telev\u00e4\u00e4n lains\u00e4\u00e4d\u00e4nt\u00f6\u00f6n.<\/p><h4>2. TIETOJEN K\u00c4SITTELYN TARKOITUS JA OIKEUSPERUSTA<\/h4><p>Tietojen k\u00e4sittelyn oikeusperustana on verkkolomakkeen t\u00e4ytt\u00e4j\u00e4n (rekister\u00f6idyn) verkkolomakkeella antama suostumus.<\/p><p>Ker\u00e4ttyj\u00e4 henkil\u00f6tietoja k\u00e4sitell\u00e4\u00e4n vain Palvelun tarjoamista varten, joka on:<\/p><p>arvioi ja antaa alustavan vastauksen, onko hakijalle aiheellista bariatrista leikkausta, sopiiko h\u00e4n leikkaukseen ja mit\u00e4 leikkausta suosittelemme.<br \/>ottaa yhteytt\u00e4 henkil\u00f6\u00f6n h\u00e4nen antamillaan yhteystiedoilla.<br \/>l\u00e4hett\u00e4m\u00e4ll\u00e4 henkil\u00f6n s\u00e4hk\u00f6postiin lis\u00e4tietoja klinikasta ja palvelusta. Henkil\u00f6ll\u00e4 on milloin tahansa mahdollisuus kielt\u00e4yty\u00e4 lis\u00e4tietoa sis\u00e4lt\u00e4vist\u00e4 s\u00e4hk\u00f6postiviesteist\u00e4 poistamalla itsens\u00e4 vastaavalta s\u00e4hk\u00f6postin vastaanottajalistalta klikkaamalla vastaavaa linkki\u00e4 vastaanotetussa s\u00e4hk\u00f6postissa.<\/p><h4>3. MIT\u00c4 TIEDOT KER\u00c4\u00c4N<\/h4><p>Ker\u00e4\u00e4mme ja k\u00e4yt\u00e4mme vain tietoja, jotka ovat tarpeen edell\u00e4 mainittujen tarkoitusten saavuttamiseksi.<\/p><p>Bariatric Services k\u00e4sittelee p\u00e4\u00e4asiassa seuraavia henkil\u00f6tietoja: etu- ja sukunimi, puhelinnumero, s\u00e4hk\u00f6postiosoite, pituus, paino, ik\u00e4.<\/p><p>Leikkauksen yhteydess\u00e4 my\u00f6s: asuinosoite, sosiaaliturvatunnus\/syntym\u00e4aika, h\u00e4t\u00e4yhteyshenkil\u00f6n nimi ja puhelinnumero.<\/p><p>Lis\u00e4ksi ker\u00e4\u00e4mme erityisi\u00e4 (arkaluonteisia) henkil\u00f6tietoja, jotka ovat tietoja terveydentilastasi<\/p><p>Henkil\u00f6 toimittaa meille kaikki mainitut tiedot vapaaehtoisesti verkkolomakkeellamme. Tietojen jatkok\u00e4sittely riippuu siit\u00e4, onko henkil\u00f6 oikeutettu saamaan sairaanhoitopalveluja. T\u00e4ll\u00f6in on tarpeen t\u00e4ytt\u00e4\u00e4 kattava lis\u00e4lomake ennen palvelun tarjoamista.<\/p><h4>4. TIETOJEN TALLENNUS<\/h4><p>Kohdassa 2 kuvatun palvelun tarjoamista varten ker\u00e4ttyj\u00e4 henkil\u00f6tietoja s\u00e4ilytet\u00e4\u00e4n enint\u00e4\u00e4n vuoden ajan viimeisest\u00e4 yhteydenotosta. Terveydenhuollon palvelujen tarjoamiseen ker\u00e4tyt ja k\u00e4ytetyt henkil\u00f6tiedot s\u00e4ilytet\u00e4\u00e4n terveydenhuollon j\u00e4rjest\u00e4misest\u00e4 annetun lain s\u00e4\u00e4nn\u00f6sten mukaisesti.<\/p><h4>5. TIETOJEN OIKEUDET<\/h4><p>Henkil\u00f6ll\u00e4 on oikeus milloin tahansa:<\/p><p>tarkastella henkil\u00f6tietojasi;<br \/>oikeus esitt\u00e4\u00e4 vastalauseita ja tietoja oikeudesta siirt\u00e4\u00e4 henkil\u00f6tietoja;<br \/>oikeus tehd\u00e4 valitus valvontaviranomaiselle;<br \/>suostumus henkil\u00f6tietojen k\u00e4sittelyn peruuttamiseen;<br \/>pyyt\u00e4\u00e4 henkil\u00f6tietojen oikaisua, k\u00e4sittelyn rajoittamista, k\u00e4sittelyn lopettamista, ker\u00e4ttyjen henkil\u00f6tietojen poistamista (ellei lains\u00e4\u00e4d\u00e4nn\u00f6st\u00e4 muuta johdu)<br \/>T\u00e4t\u00e4 varten Henkil\u00f6 l\u00e4hett\u00e4\u00e4 vastaavan pyynn\u00f6n s\u00e4hk\u00f6postiosoitteeseen info@amselclinic.eu. Henkil\u00f6tunnistuspyynn\u00f6n tulee tulla samasta s\u00e4hk\u00f6postiosoitteesta, josta suostumus tietojen k\u00e4sittelyyn on annettu. Suostumuksen peruuttaminen ei ole taannehtivaa.<\/p><h4>6. HENKIL\u00d6TIETOJEN SIIRT\u00c4MINEN KOLMANSILLE OSAPUOLILLE<\/h4><p>Kaikki meille tulleet asiakkaan henkil\u00f6tiedot k\u00e4sitell\u00e4\u00e4n luottamuksellisina tietoina. Emme siirr\u00e4 tietojasi millek\u00e4\u00e4n kolmannelle osapuolelle, ellei se ole palveluidemme tarjoamisen kannalta v\u00e4ltt\u00e4m\u00e4t\u00f6nt\u00e4 tai jos laki niin vaatii.<\/p><h4>7. TURVALLISUUS<\/h4><p>Bariatric Services AS ker\u00e4\u00e4 ja tallentaa henkil\u00f6tietoja s\u00e4hk\u00f6isess\u00e4 muodossa.<\/p><p>Verkkolomakkeita t\u00e4ytett\u00e4ess\u00e4 tiedonkulku vierailijan laitteen ja verkkosivustomme v\u00e4lill\u00e4 on salattu.<\/p><p>Kopio t\u00e4ytetyst\u00e4 verkkolomakkeesta l\u00e4hetet\u00e4\u00e4n s\u00e4hk\u00f6postitse t\u00e4ytt\u00e4j\u00e4n s\u00e4hk\u00f6postiosoitteeseen (jos verkkolomakkeen t\u00e4ytt\u00e4j\u00e4 niin pyyt\u00e4\u00e4).<\/p><p>Tiedonsiirto Internetin tai s\u00e4hk\u00f6postin kautta ei kuitenkaan ole koskaan 100 % turvallista. T\u00e4st\u00e4 syyst\u00e4 emme voi taata 100 %:n turvallisuutta mink\u00e4\u00e4n tiedonsiirron osalta.<\/p><p>Kun saamme l\u00e4hetetyt tietosi, teemme kaikkemme varmistaaksemme niiden turvallisuuden j\u00e4rjestelm\u00e4ss\u00e4mme. Tietosi tallennetaan suojatuille palvelimille ja ne suojataan palomuurilla ja salasanalla.<\/p><h4>8. Ev\u00e4steet<\/h4><p>Kuten useimmat verkkosivustot, k\u00e4yt\u00e4mme ev\u00e4steit\u00e4 rajoitetussa m\u00e4\u00e4rin parantaaksemme asiakaskokemustamme ja tarjotaksemme hy\u00f6dyllisi\u00e4 ja k\u00e4ytt\u00f6mukavuutta parantavia ominaisuuksia verkkosivustollamme.<\/p><p>Ev\u00e4ste on pieni tieto, joka tallennetaan selaimeesi ja jonka avulla selain muistaa tietyt tiedot verkkosivuista. Muun muassa n\u00e4iden tietojen ansiosta saamme selville, toimiiko nettisivumme niin kuin pit\u00e4\u00e4 ja miss\u00e4 kehitysty\u00f6t\u00e4 pit\u00e4\u00e4 tehd\u00e4.<\/p><p>V\u00e4ltt\u00e4m\u00e4tt\u00f6m\u00e4t ev\u00e4steet &#8211; Lain mukaan voimme tallentaa laitteellesi ev\u00e4steit\u00e4, jos ne ovat v\u00e4ltt\u00e4m\u00e4tt\u00f6mi\u00e4 verkkosivuston toiminnan kannalta. V\u00e4ltt\u00e4m\u00e4tt\u00f6m\u00e4t ev\u00e4steet auttavat parantamaan verkkosivuston k\u00e4ytett\u00e4vyytt\u00e4 mahdollistamalla perustoiminnot, kuten verkkosivuilla navigoinnin ja p\u00e4\u00e4syn suojatuille alueille. Sivusto ei toimi kunnolla ilman n\u00e4it\u00e4 ev\u00e4steit\u00e4.<\/p><p>Asetusev\u00e4steet &#8211; Asetusev\u00e4steet sallivat verkkosivuston muistaa tiedot, jotka muuttavat verkkosivuston toimintaa tai ulkoasua &#8211; esimerkiksi haluamasi kielen tai sijainnin.<\/p><p>Tilastoev\u00e4steet \u2013 Tilastoev\u00e4steet auttavat verkkosivustojen omistajia ymm\u00e4rt\u00e4m\u00e4\u00e4n, kuinka vierailijat ovat vuorovaikutuksessa verkkosivuston kanssa ker\u00e4\u00e4m\u00e4ll\u00e4 ja julkaisemalla tietoja nimett\u00f6m\u00e4sti.<\/p><p>Jos haluat muuttaa ev\u00e4steasetuksia, voit tehd\u00e4 sen verkkoselaimesi kautta. Verkkoselaimet hallitsevat ev\u00e4steit\u00e4 eri tavalla. Ymm\u00e4rt\u00e4\u00e4ksesi kuinka t\u00e4m\u00e4 tehd\u00e4\u00e4n, k\u00e4y suoraan verkkosivuston asetuksissa:<\/p><p>Google Chrome<br \/>Internet Explorer<\/p>\t\t\t\t\t\t\t\t<\/div>\n\t\t\t\t<\/div>\n\t\t\t\t\t<\/div>\n\t\t\t\t<\/div>\n\t\t\t\t<\/div>\n\t\t","protected":false},"excerpt":{"rendered":"<p>1. YLEISET M\u00c4\u00c4R\u00c4YKSET N\u00e4m\u00e4 tietosuojaehdot s\u00e4\u00e4telev\u00e4t www.amselclinic.eu -sivuston kautta ker\u00e4ttyjen henkil\u00f6tietojen k\u00e4sittely\u00e4, johon jokaisen verkkolomakkeen t\u00e4ytt\u00e4v\u00e4n on hyv\u00e4ksytt\u00e4v\u00e4. Verkkosivuston www.amselclinic.eu omistaja ja rekisterinpit\u00e4j\u00e4 on Bariatric Services AS, osoite Kaluri tee 5a, Haabneeme, Viimsi, kaupparekisteritunnus 12190939, s\u00e4hk\u00f6posti info@amselclinic.eu Bariatric Services AS:n tietosuoja-asiantuntija on Katrin Sirp, s\u00e4hk\u00f6posti katrin.sirp@bariatricservices.eu AS Bariatric Servicesin tietosuojaehdot perustuvat Euroopan unionin yleiseen tietosuoja-asetukseen [&hellip;]<\/p>\n","protected":false},"author":1,"featured_media":0,"parent":0,"menu_order":0,"comment_status":"closed","ping_status":"closed","template":"","meta":{"_acf_changed":false,"footnotes":""},"class_list":["post-4517","page","type-page","status-publish","hentry"],"acf":[],"yoast_head":"<!-- This site is optimized with the Yoast SEO plugin v27.3 - https:\/\/yoast.com\/product\/yoast-seo-wordpress\/ -->\n<title>Tietosuojak\u00e4yt\u00e4nt\u00f6 - Amsel Clinic<\/title>\n<meta name=\"robots\" content=\"index, follow, max-snippet:-1, max-image-preview:large, max-video-preview:-1\" \/>\n<link rel=\"canonical\" href=\"https:\/\/amselclinic.eu\/fi\/tietosuojakaytanto\/\" \/>\n<meta property=\"og:locale\" content=\"fi_FI\" \/>\n<meta property=\"og:type\" content=\"article\" \/>\n<meta property=\"og:title\" content=\"Tietosuojak\u00e4yt\u00e4nt\u00f6 - Amsel Clinic\" \/>\n<meta property=\"og:description\" content=\"1. YLEISET M\u00c4\u00c4R\u00c4YKSET N\u00e4m\u00e4 tietosuojaehdot s\u00e4\u00e4telev\u00e4t www.amselclinic.eu -sivuston kautta ker\u00e4ttyjen henkil\u00f6tietojen k\u00e4sittely\u00e4, johon jokaisen verkkolomakkeen t\u00e4ytt\u00e4v\u00e4n on hyv\u00e4ksytt\u00e4v\u00e4. Verkkosivuston www.amselclinic.eu omistaja ja rekisterinpit\u00e4j\u00e4 on Bariatric Services AS, osoite Kaluri tee 5a, Haabneeme, Viimsi, kaupparekisteritunnus 12190939, s\u00e4hk\u00f6posti info@amselclinic.eu Bariatric Services AS:n tietosuoja-asiantuntija on Katrin Sirp, s\u00e4hk\u00f6posti katrin.sirp@bariatricservices.eu AS Bariatric Servicesin tietosuojaehdot perustuvat Euroopan unionin yleiseen tietosuoja-asetukseen [&hellip;]\" \/>\n<meta property=\"og:url\" content=\"https:\/\/amselclinic.eu\/fi\/tietosuojakaytanto\/\" \/>\n<meta property=\"og:site_name\" content=\"Amsel Clinic\" \/>\n<meta property=\"article:modified_time\" content=\"2025-01-28T13:42:46+00:00\" \/>\n<meta property=\"og:image\" content=\"https:\/\/amselclinic.eu\/wp-content\/uploads\/23JJ0925_568-2.jpg\" \/>\n\t<meta property=\"og:image:width\" content=\"1440\" \/>\n\t<meta property=\"og:image:height\" content=\"854\" \/>\n\t<meta property=\"og:image:type\" content=\"image\/jpeg\" \/>\n<meta name=\"twitter:card\" content=\"summary_large_image\" \/>\n<meta name=\"twitter:label1\" content=\"Arvioitu lukuaika\" \/>\n\t<meta name=\"twitter:data1\" content=\"4 minuuttia\" \/>\n<script type=\"application\/ld+json\" class=\"yoast-schema-graph\">{\"@context\":\"https:\\\/\\\/schema.org\",\"@graph\":[{\"@type\":\"WebPage\",\"@id\":\"https:\\\/\\\/amselclinic.eu\\\/fi\\\/tietosuojakaytanto\\\/\",\"url\":\"https:\\\/\\\/amselclinic.eu\\\/fi\\\/tietosuojakaytanto\\\/\",\"name\":\"Tietosuojak\u00e4yt\u00e4nt\u00f6 - Amsel Clinic\",\"isPartOf\":{\"@id\":\"https:\\\/\\\/amselclinic.eu\\\/fi\\\/#website\"},\"datePublished\":\"2024-01-19T11:24:20+00:00\",\"dateModified\":\"2025-01-28T13:42:46+00:00\",\"breadcrumb\":{\"@id\":\"https:\\\/\\\/amselclinic.eu\\\/fi\\\/tietosuojakaytanto\\\/#breadcrumb\"},\"inLanguage\":\"fi\",\"potentialAction\":[{\"@type\":\"ReadAction\",\"target\":[\"https:\\\/\\\/amselclinic.eu\\\/fi\\\/tietosuojakaytanto\\\/\"]}]},{\"@type\":\"BreadcrumbList\",\"@id\":\"https:\\\/\\\/amselclinic.eu\\\/fi\\\/tietosuojakaytanto\\\/#breadcrumb\",\"itemListElement\":[{\"@type\":\"ListItem\",\"position\":1,\"name\":\"Kotisivu\",\"item\":\"https:\\\/\\\/amselclinic.eu\\\/fi\\\/kotisivu\\\/\"},{\"@type\":\"ListItem\",\"position\":2,\"name\":\"Tietosuojak\u00e4yt\u00e4nt\u00f6\"}]},{\"@type\":\"WebSite\",\"@id\":\"https:\\\/\\\/amselclinic.eu\\\/fi\\\/#website\",\"url\":\"https:\\\/\\\/amselclinic.eu\\\/fi\\\/\",\"name\":\"Amsel Clinic\",\"description\":\"Alati meie patsientidele parim kaaslane teekonnal tervema ja enesekindlama elu poole!\",\"publisher\":{\"@id\":\"https:\\\/\\\/amselclinic.eu\\\/fi\\\/#organization\"},\"alternateName\":\"Amsel\",\"potentialAction\":[{\"@type\":\"SearchAction\",\"target\":{\"@type\":\"EntryPoint\",\"urlTemplate\":\"https:\\\/\\\/amselclinic.eu\\\/fi\\\/?s={search_term_string}\"},\"query-input\":{\"@type\":\"PropertyValueSpecification\",\"valueRequired\":true,\"valueName\":\"search_term_string\"}}],\"inLanguage\":\"fi\"},{\"@type\":\"Organization\",\"@id\":\"https:\\\/\\\/amselclinic.eu\\\/fi\\\/#organization\",\"name\":\"BARIATRIC SERVICES AS\",\"alternateName\":\"Amsel Clinic\",\"url\":\"https:\\\/\\\/amselclinic.eu\\\/fi\\\/\",\"logo\":{\"@type\":\"ImageObject\",\"inLanguage\":\"fi\",\"@id\":\"https:\\\/\\\/amselclinic.eu\\\/fi\\\/#\\\/schema\\\/logo\\\/image\\\/\",\"url\":\"https:\\\/\\\/amselclinic.eu\\\/wp-content\\\/uploads\\\/Amsel-logo-sinine.svg\",\"contentUrl\":\"https:\\\/\\\/amselclinic.eu\\\/wp-content\\\/uploads\\\/Amsel-logo-sinine.svg\",\"width\":673.55,\"height\":632.11,\"caption\":\"BARIATRIC SERVICES AS\"},\"image\":{\"@id\":\"https:\\\/\\\/amselclinic.eu\\\/fi\\\/#\\\/schema\\\/logo\\\/image\\\/\"}}]}<\/script>\n<!-- \/ Yoast SEO plugin. -->","yoast_head_json":{"title":"Tietosuojak\u00e4yt\u00e4nt\u00f6 - Amsel Clinic","robots":{"index":"index","follow":"follow","max-snippet":"max-snippet:-1","max-image-preview":"max-image-preview:large","max-video-preview":"max-video-preview:-1"},"canonical":"https:\/\/amselclinic.eu\/fi\/tietosuojakaytanto\/","og_locale":"fi_FI","og_type":"article","og_title":"Tietosuojak\u00e4yt\u00e4nt\u00f6 - Amsel Clinic","og_description":"1. YLEISET M\u00c4\u00c4R\u00c4YKSET N\u00e4m\u00e4 tietosuojaehdot s\u00e4\u00e4telev\u00e4t www.amselclinic.eu -sivuston kautta ker\u00e4ttyjen henkil\u00f6tietojen k\u00e4sittely\u00e4, johon jokaisen verkkolomakkeen t\u00e4ytt\u00e4v\u00e4n on hyv\u00e4ksytt\u00e4v\u00e4. Verkkosivuston www.amselclinic.eu omistaja ja rekisterinpit\u00e4j\u00e4 on Bariatric Services AS, osoite Kaluri tee 5a, Haabneeme, Viimsi, kaupparekisteritunnus 12190939, s\u00e4hk\u00f6posti info@amselclinic.eu Bariatric Services AS:n tietosuoja-asiantuntija on Katrin Sirp, s\u00e4hk\u00f6posti katrin.sirp@bariatricservices.eu AS Bariatric Servicesin tietosuojaehdot perustuvat Euroopan unionin yleiseen tietosuoja-asetukseen [&hellip;]","og_url":"https:\/\/amselclinic.eu\/fi\/tietosuojakaytanto\/","og_site_name":"Amsel Clinic","article_modified_time":"2025-01-28T13:42:46+00:00","og_image":[{"width":1440,"height":854,"url":"https:\/\/amselclinic.eu\/wp-content\/uploads\/23JJ0925_568-2.jpg","type":"image\/jpeg"}],"twitter_card":"summary_large_image","twitter_misc":{"Arvioitu lukuaika":"4 minuuttia"},"schema":{"@context":"https:\/\/schema.org","@graph":[{"@type":"WebPage","@id":"https:\/\/amselclinic.eu\/fi\/tietosuojakaytanto\/","url":"https:\/\/amselclinic.eu\/fi\/tietosuojakaytanto\/","name":"Tietosuojak\u00e4yt\u00e4nt\u00f6 - Amsel Clinic","isPartOf":{"@id":"https:\/\/amselclinic.eu\/fi\/#website"},"datePublished":"2024-01-19T11:24:20+00:00","dateModified":"2025-01-28T13:42:46+00:00","breadcrumb":{"@id":"https:\/\/amselclinic.eu\/fi\/tietosuojakaytanto\/#breadcrumb"},"inLanguage":"fi","potentialAction":[{"@type":"ReadAction","target":["https:\/\/amselclinic.eu\/fi\/tietosuojakaytanto\/"]}]},{"@type":"BreadcrumbList","@id":"https:\/\/amselclinic.eu\/fi\/tietosuojakaytanto\/#breadcrumb","itemListElement":[{"@type":"ListItem","position":1,"name":"Kotisivu","item":"https:\/\/amselclinic.eu\/fi\/kotisivu\/"},{"@type":"ListItem","position":2,"name":"Tietosuojak\u00e4yt\u00e4nt\u00f6"}]},{"@type":"WebSite","@id":"https:\/\/amselclinic.eu\/fi\/#website","url":"https:\/\/amselclinic.eu\/fi\/","name":"Amsel Clinic","description":"Alati meie patsientidele parim kaaslane teekonnal tervema ja enesekindlama elu poole!","publisher":{"@id":"https:\/\/amselclinic.eu\/fi\/#organization"},"alternateName":"Amsel","potentialAction":[{"@type":"SearchAction","target":{"@type":"EntryPoint","urlTemplate":"https:\/\/amselclinic.eu\/fi\/?s={search_term_string}"},"query-input":{"@type":"PropertyValueSpecification","valueRequired":true,"valueName":"search_term_string"}}],"inLanguage":"fi"},{"@type":"Organization","@id":"https:\/\/amselclinic.eu\/fi\/#organization","name":"BARIATRIC SERVICES AS","alternateName":"Amsel Clinic","url":"https:\/\/amselclinic.eu\/fi\/","logo":{"@type":"ImageObject","inLanguage":"fi","@id":"https:\/\/amselclinic.eu\/fi\/#\/schema\/logo\/image\/","url":"https:\/\/amselclinic.eu\/wp-content\/uploads\/Amsel-logo-sinine.svg","contentUrl":"https:\/\/amselclinic.eu\/wp-content\/uploads\/Amsel-logo-sinine.svg","width":673.55,"height":632.11,"caption":"BARIATRIC SERVICES AS"},"image":{"@id":"https:\/\/amselclinic.eu\/fi\/#\/schema\/logo\/image\/"}}]}},"_links":{"self":[{"href":"https:\/\/amselclinic.eu\/fi\/wp-json\/wp\/v2\/pages\/4517","targetHints":{"allow":["GET"]}}],"collection":[{"href":"https:\/\/amselclinic.eu\/fi\/wp-json\/wp\/v2\/pages"}],"about":[{"href":"https:\/\/amselclinic.eu\/fi\/wp-json\/wp\/v2\/types\/page"}],"author":[{"embeddable":true,"href":"https:\/\/amselclinic.eu\/fi\/wp-json\/wp\/v2\/users\/1"}],"replies":[{"embeddable":true,"href":"https:\/\/amselclinic.eu\/fi\/wp-json\/wp\/v2\/comments?post=4517"}],"version-history":[{"count":7,"href":"https:\/\/amselclinic.eu\/fi\/wp-json\/wp\/v2\/pages\/4517\/revisions"}],"predecessor-version":[{"id":5522,"href":"https:\/\/amselclinic.eu\/fi\/wp-json\/wp\/v2\/pages\/4517\/revisions\/5522"}],"wp:attachment":[{"href":"https:\/\/amselclinic.eu\/fi\/wp-json\/wp\/v2\/media?parent=4517"}],"curies":[{"name":"wp","href":"https:\/\/api.w.org\/{rel}","templated":true}]}}