{"id":4509,"date":"2024-02-02T16:41:28","date_gmt":"2024-02-02T14:41:28","guid":{"rendered":"https:\/\/amselclinic.eu\/valmistautuminen-leikkaukseen\/"},"modified":"2024-04-29T15:16:14","modified_gmt":"2024-04-29T12:16:14","slug":"valmistautuminen-leikkaukseen","status":"publish","type":"page","link":"https:\/\/amselclinic.eu\/fi\/valmistautuminen-leikkaukseen\/","title":{"rendered":"Valmistautuminen leikkaukseen"},"content":{"rendered":"\t\t<div data-elementor-type=\"wp-page\" data-elementor-id=\"4509\" class=\"elementor elementor-4509 elementor-3308\" data-elementor-post-type=\"page\">\n\t\t\t\t<div class=\"elementor-element elementor-element-46d19f4 e-flex e-con-boxed e-con e-parent\" data-id=\"46d19f4\" data-element_type=\"container\" data-e-type=\"container\" data-settings=\"{&quot;jet_parallax_layout_list&quot;:[]}\">\n\t\t\t\t\t<div class=\"e-con-inner\">\n\t\t\t\t<div class=\"elementor-element elementor-element-e7bc926 elementor-widget elementor-widget-text-editor\" data-id=\"e7bc926\" data-element_type=\"widget\" data-e-type=\"widget\" data-widget_type=\"text-editor.default\">\n\t\t\t\t<div class=\"elementor-widget-container\">\n\t\t\t\t\t\t\t\t\t<p><b>Valmistautuminen leikkaukseen<\/b><\/p>\n<ol>\n<li><span style=\"font-weight: 400;\">Leikkaukseen tullessa ei saa olla akuutteja virussairauksia, aktiivisia tulehduksia, akuuttia allergista reaktiota, kuumetta tms. Ilmoita kirurgille oheissairauksista ja muista terveystiedoista leikkausta edelt\u00e4v\u00e4n konsultaation aikana. Ilmoita klinikalle v\u00e4litt\u00f6m\u00e4sti kaikista uusista terveysongelmista, joita ilmenee leikkausta odotellessa.  <\/span><\/li>\n<li><span style=\"font-weight: 400;\">Yksi turvallisen yleisanestesian edellytyksist\u00e4 on tyhj\u00e4 vatsa. Siksi et saa sy\u00f6d\u00e4 kiinte\u00e4\u00e4 ruokaa tai juoda l\u00e4pin\u00e4kym\u00e4tt\u00f6mi\u00e4 nesteit\u00e4 (maitoa, mehua) 6 tuntia ennen leikkausta. Kirkkaita nesteit\u00e4, kuten vett\u00e4, mustaa kahvia, teet\u00e4 tai omenamehua, voidaan juoda jopa 2 tuntia ennen leikkausta.   <\/span><\/li>\n<li><span style=\"font-weight: 400;\">Ellei l\u00e4\u00e4k\u00e4ri ole toisin m\u00e4\u00e4r\u00e4nnyt, ota m\u00e4\u00e4r\u00e4\u00e4m\u00e4si l\u00e4\u00e4kkeet s\u00e4\u00e4nn\u00f6llisesti leikkausp\u00e4iv\u00e4\u00e4n asti. Voit ottaa l\u00e4\u00e4kkeesi viimeist\u00e4\u00e4n 2 tuntia ennen leikkausta pienell\u00e4 kulauksella vett\u00e4. <\/span><\/li>\n<li><span style=\"font-weight: 400;\">Ota l\u00e4\u00e4kkeesi mukaasi sairaalaan.<\/span><\/li>\n<li><span style=\"font-weight: 400;\">Verenohennusl\u00e4\u00e4kkeiden (mukaan lukien aspiriinin) k\u00e4ytt\u00f6 on lopetettava hyviss\u00e4 ajoin ennen leikkausta (yleens\u00e4 2-5 p\u00e4iv\u00e4\u00e4 l\u00e4\u00e4kkeest\u00e4 riippuen), koska ne lis\u00e4\u00e4v\u00e4t verenvuotoriski\u00e4. Suun kautta otettavat valmisteet voidaan tarvittaessa korvata ruiskeella, kirurgisi p\u00e4\u00e4tt\u00e4\u00e4. Muista ilmoittaa kirurgillesi kaikista k\u00e4ytt\u00e4mist\u00e4si l\u00e4\u00e4kkeist\u00e4!  <\/span><\/li>\n<li><span style=\"font-weight: 400;\">Tupakointi heikent\u00e4\u00e4 haavan paranemista ja lis\u00e4\u00e4 verenvuotoriski\u00e4. Suosittelemme tupakoinnin lopettamista hyviss\u00e4 ajoin ennen leikkausta. \u00c4l\u00e4 tupakoi leikkausp\u00e4iv\u00e4n\u00e4.  <\/span><\/li>\n<li><span style=\"font-weight: 400;\">Suosittelemme ottamaan verikokeet 1-2 viikkoa ennen leikkausta, jotta on aikaa arvioida ne ja tarvittaessa suunnitella lis\u00e4tutkimuksia tai hoitoa.<\/span><\/li>\n<li><span style=\"font-weight: 400;\">Jos sinulla on ollut ep\u00e4miellytt\u00e4vi\u00e4 kokemuksia aiemmasta anestesiasta (esim. vaikea pahoinvointi ja oksentelu), kerro niist\u00e4 kirurgille ja anestesial\u00e4\u00e4k\u00e4rille ennen leikkausta.<\/span><\/li>\n<li><span style=\"font-weight: 400;\">Moottoriajoneuvon ajaminen ei ole sallittua 24 tuntiin nukutuksen j\u00e4lkeen. Pyyd\u00e4 tarvittaessa perheenj\u00e4sent\u00e4 tai tuttua ajamaan sinut kotiin tai k\u00e4ytt\u00e4m\u00e4\u00e4n joukkoliikennett\u00e4. <\/span><\/li>\n<li><span style=\"font-weight: 400;\">Hedelm\u00e4llisess\u00e4 i\u00e4ss\u00e4 olevat naispotilaat varmistavat, etteiv\u00e4t he ole raskaana leikkausp\u00e4iv\u00e4n\u00e4. Suosittelemme tarvittaessa kotiraskaustesti\u00e4 ennen sairaalaan tuloa. <\/span><\/li>\n<li><span style=\"font-weight: 400;\">Ennen leikkausta yleisanestesiassa poista korut: korvakorut, sormukset, erilaiset niitit. Suosittelemme j\u00e4tt\u00e4m\u00e4\u00e4n korut ja arvoesineet kotiin. Jos korua ei voida poistaa, leikkausta ei peruuteta, mutta muista ilmoittaa t\u00e4st\u00e4 kirurgillesi. Poista my\u00f6s irrotettavat hammasproteesit.   <\/span><\/li>\n<li><span style=\"font-weight: 400;\">Tuo henkil\u00f6kohtaiset hygieniatuotteet. Suosittelemme ottamaan mukaan mukavat vaatteet kotimatkaa varten. <\/span><\/li>\n<li><span style=\"font-weight: 400;\">K\u00e4y suihkussa leikkausaamuna<\/span><\/li>\n<li><span style=\"font-weight: 400;\">\u00c4l\u00e4 k\u00e4yt\u00e4 meikki\u00e4, hajuvett\u00e4 tai voiteita leikkausp\u00e4iv\u00e4n\u00e4.<\/span><\/li>\n<li><span style=\"font-weight: 400;\">Kiinnit\u00e4 l\u00f6ys\u00e4t hiukset hiusnauhalla.<\/span><\/li>\n<\/ol>\n<ol start=\"16\">\n<li><span style=\"font-weight: 400;\">Poista silm\u00e4lasit ja piilolinssit ennen leikkaussaliin menoa.<\/span><\/li>\n<li><span style=\"font-weight: 400;\">Jos k\u00e4yt\u00e4t CPAP-naamaria uniapneaan, ota se mukaasi sairaalaan.<\/span><\/li>\n<\/ol>\n\t\t\t\t\t\t\t\t<\/div>\n\t\t\t\t<\/div>\n\t\t\t\t\t<\/div>\n\t\t\t\t<\/div>\n\t\t\t\t<\/div>\n\t\t","protected":false},"excerpt":{"rendered":"<p>Valmistautuminen leikkaukseen Leikkaukseen tullessa ei saa olla akuutteja virussairauksia, aktiivisia tulehduksia, akuuttia allergista reaktiota, kuumetta tms. Ilmoita kirurgille oheissairauksista ja muista terveystiedoista leikkausta edelt\u00e4v\u00e4n konsultaation aikana. Ilmoita klinikalle v\u00e4litt\u00f6m\u00e4sti kaikista uusista terveysongelmista, joita ilmenee leikkausta odotellessa. Yksi turvallisen yleisanestesian edellytyksist\u00e4 on tyhj\u00e4 vatsa. Siksi et saa sy\u00f6d\u00e4 kiinte\u00e4\u00e4 ruokaa tai juoda l\u00e4pin\u00e4kym\u00e4tt\u00f6mi\u00e4 nesteit\u00e4 (maitoa, mehua) [&hellip;]<\/p>\n","protected":false},"author":2,"featured_media":0,"parent":0,"menu_order":0,"comment_status":"closed","ping_status":"closed","template":"","meta":{"_acf_changed":false,"footnotes":""},"class_list":["post-4509","page","type-page","status-publish","hentry"],"acf":[],"yoast_head":"<!-- This site is optimized with the Yoast SEO plugin v27.3 - https:\/\/yoast.com\/product\/yoast-seo-wordpress\/ -->\n<title>Valmistautuminen leikkaukseen - Amsel Clinic<\/title>\n<meta name=\"robots\" content=\"index, follow, max-snippet:-1, max-image-preview:large, max-video-preview:-1\" \/>\n<link rel=\"canonical\" href=\"https:\/\/amselclinic.eu\/fi\/valmistautuminen-leikkaukseen\/\" \/>\n<meta property=\"og:locale\" content=\"fi_FI\" \/>\n<meta property=\"og:type\" content=\"article\" \/>\n<meta property=\"og:title\" content=\"Valmistautuminen leikkaukseen - Amsel Clinic\" \/>\n<meta property=\"og:description\" content=\"Valmistautuminen leikkaukseen Leikkaukseen tullessa ei saa olla akuutteja virussairauksia, aktiivisia tulehduksia, akuuttia allergista reaktiota, kuumetta tms. Ilmoita kirurgille oheissairauksista ja muista terveystiedoista leikkausta edelt\u00e4v\u00e4n konsultaation aikana. Ilmoita klinikalle v\u00e4litt\u00f6m\u00e4sti kaikista uusista terveysongelmista, joita ilmenee leikkausta odotellessa. Yksi turvallisen yleisanestesian edellytyksist\u00e4 on tyhj\u00e4 vatsa. Siksi et saa sy\u00f6d\u00e4 kiinte\u00e4\u00e4 ruokaa tai juoda l\u00e4pin\u00e4kym\u00e4tt\u00f6mi\u00e4 nesteit\u00e4 (maitoa, mehua) [&hellip;]\" \/>\n<meta property=\"og:url\" content=\"https:\/\/amselclinic.eu\/fi\/valmistautuminen-leikkaukseen\/\" \/>\n<meta property=\"og:site_name\" content=\"Amsel Clinic\" \/>\n<meta property=\"article:modified_time\" content=\"2024-04-29T12:16:14+00:00\" \/>\n<meta property=\"og:image\" content=\"https:\/\/amselclinic.eu\/wp-content\/uploads\/23JJ0925_568-2.jpg\" \/>\n\t<meta property=\"og:image:width\" content=\"1440\" \/>\n\t<meta property=\"og:image:height\" content=\"854\" \/>\n\t<meta property=\"og:image:type\" content=\"image\/jpeg\" \/>\n<meta name=\"twitter:card\" content=\"summary_large_image\" \/>\n<meta name=\"twitter:label1\" content=\"Arvioitu lukuaika\" \/>\n\t<meta name=\"twitter:data1\" content=\"2 minuuttia\" \/>\n<script type=\"application\/ld+json\" class=\"yoast-schema-graph\">{\"@context\":\"https:\\\/\\\/schema.org\",\"@graph\":[{\"@type\":\"WebPage\",\"@id\":\"https:\\\/\\\/amselclinic.eu\\\/fi\\\/valmistautuminen-leikkaukseen\\\/\",\"url\":\"https:\\\/\\\/amselclinic.eu\\\/fi\\\/valmistautuminen-leikkaukseen\\\/\",\"name\":\"Valmistautuminen leikkaukseen - Amsel Clinic\",\"isPartOf\":{\"@id\":\"https:\\\/\\\/amselclinic.eu\\\/fi\\\/#website\"},\"datePublished\":\"2024-02-02T14:41:28+00:00\",\"dateModified\":\"2024-04-29T12:16:14+00:00\",\"breadcrumb\":{\"@id\":\"https:\\\/\\\/amselclinic.eu\\\/fi\\\/valmistautuminen-leikkaukseen\\\/#breadcrumb\"},\"inLanguage\":\"fi\",\"potentialAction\":[{\"@type\":\"ReadAction\",\"target\":[\"https:\\\/\\\/amselclinic.eu\\\/fi\\\/valmistautuminen-leikkaukseen\\\/\"]}]},{\"@type\":\"BreadcrumbList\",\"@id\":\"https:\\\/\\\/amselclinic.eu\\\/fi\\\/valmistautuminen-leikkaukseen\\\/#breadcrumb\",\"itemListElement\":[{\"@type\":\"ListItem\",\"position\":1,\"name\":\"Kotisivu\",\"item\":\"https:\\\/\\\/amselclinic.eu\\\/fi\\\/kotisivu\\\/\"},{\"@type\":\"ListItem\",\"position\":2,\"name\":\"Valmistautuminen leikkaukseen\"}]},{\"@type\":\"WebSite\",\"@id\":\"https:\\\/\\\/amselclinic.eu\\\/fi\\\/#website\",\"url\":\"https:\\\/\\\/amselclinic.eu\\\/fi\\\/\",\"name\":\"Amsel Clinic\",\"description\":\"Alati meie patsientidele parim kaaslane teekonnal tervema ja enesekindlama elu poole!\",\"publisher\":{\"@id\":\"https:\\\/\\\/amselclinic.eu\\\/fi\\\/#organization\"},\"alternateName\":\"Amsel\",\"potentialAction\":[{\"@type\":\"SearchAction\",\"target\":{\"@type\":\"EntryPoint\",\"urlTemplate\":\"https:\\\/\\\/amselclinic.eu\\\/fi\\\/?s={search_term_string}\"},\"query-input\":{\"@type\":\"PropertyValueSpecification\",\"valueRequired\":true,\"valueName\":\"search_term_string\"}}],\"inLanguage\":\"fi\"},{\"@type\":\"Organization\",\"@id\":\"https:\\\/\\\/amselclinic.eu\\\/fi\\\/#organization\",\"name\":\"BARIATRIC SERVICES AS\",\"alternateName\":\"Amsel Clinic\",\"url\":\"https:\\\/\\\/amselclinic.eu\\\/fi\\\/\",\"logo\":{\"@type\":\"ImageObject\",\"inLanguage\":\"fi\",\"@id\":\"https:\\\/\\\/amselclinic.eu\\\/fi\\\/#\\\/schema\\\/logo\\\/image\\\/\",\"url\":\"https:\\\/\\\/amselclinic.eu\\\/wp-content\\\/uploads\\\/Amsel-logo-sinine.svg\",\"contentUrl\":\"https:\\\/\\\/amselclinic.eu\\\/wp-content\\\/uploads\\\/Amsel-logo-sinine.svg\",\"width\":673.55,\"height\":632.11,\"caption\":\"BARIATRIC SERVICES AS\"},\"image\":{\"@id\":\"https:\\\/\\\/amselclinic.eu\\\/fi\\\/#\\\/schema\\\/logo\\\/image\\\/\"}}]}<\/script>\n<!-- \/ Yoast SEO plugin. -->","yoast_head_json":{"title":"Valmistautuminen leikkaukseen - Amsel Clinic","robots":{"index":"index","follow":"follow","max-snippet":"max-snippet:-1","max-image-preview":"max-image-preview:large","max-video-preview":"max-video-preview:-1"},"canonical":"https:\/\/amselclinic.eu\/fi\/valmistautuminen-leikkaukseen\/","og_locale":"fi_FI","og_type":"article","og_title":"Valmistautuminen leikkaukseen - Amsel Clinic","og_description":"Valmistautuminen leikkaukseen Leikkaukseen tullessa ei saa olla akuutteja virussairauksia, aktiivisia tulehduksia, akuuttia allergista reaktiota, kuumetta tms. Ilmoita kirurgille oheissairauksista ja muista terveystiedoista leikkausta edelt\u00e4v\u00e4n konsultaation aikana. Ilmoita klinikalle v\u00e4litt\u00f6m\u00e4sti kaikista uusista terveysongelmista, joita ilmenee leikkausta odotellessa. Yksi turvallisen yleisanestesian edellytyksist\u00e4 on tyhj\u00e4 vatsa. Siksi et saa sy\u00f6d\u00e4 kiinte\u00e4\u00e4 ruokaa tai juoda l\u00e4pin\u00e4kym\u00e4tt\u00f6mi\u00e4 nesteit\u00e4 (maitoa, mehua) [&hellip;]","og_url":"https:\/\/amselclinic.eu\/fi\/valmistautuminen-leikkaukseen\/","og_site_name":"Amsel Clinic","article_modified_time":"2024-04-29T12:16:14+00:00","og_image":[{"width":1440,"height":854,"url":"https:\/\/amselclinic.eu\/wp-content\/uploads\/23JJ0925_568-2.jpg","type":"image\/jpeg"}],"twitter_card":"summary_large_image","twitter_misc":{"Arvioitu lukuaika":"2 minuuttia"},"schema":{"@context":"https:\/\/schema.org","@graph":[{"@type":"WebPage","@id":"https:\/\/amselclinic.eu\/fi\/valmistautuminen-leikkaukseen\/","url":"https:\/\/amselclinic.eu\/fi\/valmistautuminen-leikkaukseen\/","name":"Valmistautuminen leikkaukseen - Amsel Clinic","isPartOf":{"@id":"https:\/\/amselclinic.eu\/fi\/#website"},"datePublished":"2024-02-02T14:41:28+00:00","dateModified":"2024-04-29T12:16:14+00:00","breadcrumb":{"@id":"https:\/\/amselclinic.eu\/fi\/valmistautuminen-leikkaukseen\/#breadcrumb"},"inLanguage":"fi","potentialAction":[{"@type":"ReadAction","target":["https:\/\/amselclinic.eu\/fi\/valmistautuminen-leikkaukseen\/"]}]},{"@type":"BreadcrumbList","@id":"https:\/\/amselclinic.eu\/fi\/valmistautuminen-leikkaukseen\/#breadcrumb","itemListElement":[{"@type":"ListItem","position":1,"name":"Kotisivu","item":"https:\/\/amselclinic.eu\/fi\/kotisivu\/"},{"@type":"ListItem","position":2,"name":"Valmistautuminen leikkaukseen"}]},{"@type":"WebSite","@id":"https:\/\/amselclinic.eu\/fi\/#website","url":"https:\/\/amselclinic.eu\/fi\/","name":"Amsel Clinic","description":"Alati meie patsientidele parim kaaslane teekonnal tervema ja enesekindlama elu poole!","publisher":{"@id":"https:\/\/amselclinic.eu\/fi\/#organization"},"alternateName":"Amsel","potentialAction":[{"@type":"SearchAction","target":{"@type":"EntryPoint","urlTemplate":"https:\/\/amselclinic.eu\/fi\/?s={search_term_string}"},"query-input":{"@type":"PropertyValueSpecification","valueRequired":true,"valueName":"search_term_string"}}],"inLanguage":"fi"},{"@type":"Organization","@id":"https:\/\/amselclinic.eu\/fi\/#organization","name":"BARIATRIC SERVICES AS","alternateName":"Amsel Clinic","url":"https:\/\/amselclinic.eu\/fi\/","logo":{"@type":"ImageObject","inLanguage":"fi","@id":"https:\/\/amselclinic.eu\/fi\/#\/schema\/logo\/image\/","url":"https:\/\/amselclinic.eu\/wp-content\/uploads\/Amsel-logo-sinine.svg","contentUrl":"https:\/\/amselclinic.eu\/wp-content\/uploads\/Amsel-logo-sinine.svg","width":673.55,"height":632.11,"caption":"BARIATRIC SERVICES AS"},"image":{"@id":"https:\/\/amselclinic.eu\/fi\/#\/schema\/logo\/image\/"}}]}},"_links":{"self":[{"href":"https:\/\/amselclinic.eu\/fi\/wp-json\/wp\/v2\/pages\/4509","targetHints":{"allow":["GET"]}}],"collection":[{"href":"https:\/\/amselclinic.eu\/fi\/wp-json\/wp\/v2\/pages"}],"about":[{"href":"https:\/\/amselclinic.eu\/fi\/wp-json\/wp\/v2\/types\/page"}],"author":[{"embeddable":true,"href":"https:\/\/amselclinic.eu\/fi\/wp-json\/wp\/v2\/users\/2"}],"replies":[{"embeddable":true,"href":"https:\/\/amselclinic.eu\/fi\/wp-json\/wp\/v2\/comments?post=4509"}],"version-history":[{"count":1,"href":"https:\/\/amselclinic.eu\/fi\/wp-json\/wp\/v2\/pages\/4509\/revisions"}],"predecessor-version":[{"id":4510,"href":"https:\/\/amselclinic.eu\/fi\/wp-json\/wp\/v2\/pages\/4509\/revisions\/4510"}],"wp:attachment":[{"href":"https:\/\/amselclinic.eu\/fi\/wp-json\/wp\/v2\/media?parent=4509"}],"curies":[{"name":"wp","href":"https:\/\/api.w.org\/{rel}","templated":true}]}}