{"id":4496,"date":"2024-01-19T13:39:15","date_gmt":"2024-01-19T11:39:15","guid":{"rendered":"https:\/\/amselclinic.eu\/?page_id=4496"},"modified":"2025-01-28T15:44:12","modified_gmt":"2025-01-28T13:44:12","slug":"terveydenhuollon-yleiset-ehdot","status":"publish","type":"page","link":"https:\/\/amselclinic.eu\/fi\/terveydenhuollon-yleiset-ehdot\/","title":{"rendered":"Terveydenhuollon yleiset ehdot"},"content":{"rendered":"\t\t<div data-elementor-type=\"wp-page\" data-elementor-id=\"4496\" class=\"elementor elementor-4496 elementor-1909\" data-elementor-post-type=\"page\">\n\t\t\t\t<div class=\"elementor-element elementor-element-46d19f4 e-flex e-con-boxed e-con e-parent\" data-id=\"46d19f4\" data-element_type=\"container\" data-e-type=\"container\" data-settings=\"{&quot;jet_parallax_layout_list&quot;:[]}\">\n\t\t\t\t\t<div class=\"e-con-inner\">\n\t\t\t\t<div class=\"elementor-element elementor-element-e7bc926 elementor-widget elementor-widget-text-editor\" data-id=\"e7bc926\" data-element_type=\"widget\" data-e-type=\"widget\" data-widget_type=\"text-editor.default\">\n\t\t\t\t<div class=\"elementor-widget-container\">\n\t\t\t\t\t\t\t\t\t<h4>1. Osapuolet<\/h4><p>1.1. Bariatric Services AS:n palvelun yleiset ehdot s\u00e4\u00e4telev\u00e4t Palveluntarjoajan ja Potilaan keskin\u00e4isi\u00e4 oikeuksia ja velvollisuuksia Palvelun tarjoamisessa.<br \/>1.2. Yleisiss\u00e4 ehdoissa s\u00e4\u00e4ntelem\u00e4tt\u00f6mi\u00e4 asioita ohjaavat velkaoikeuslaki, terveyspalvelujen j\u00e4rjest\u00e4mislaki sek\u00e4 muut lait ja niiden perusteella annettu lains\u00e4\u00e4d\u00e4nt\u00f6.<\/p><h4>2. M\u00e4\u00e4ritelm\u00e4t<\/h4><p>2.1. Palvelulla tarkoitetaan Palveluntarjoajan yleisten ehtojen puitteissa tarjoamia Terveydenhuollon palveluita.<br \/>2.2. Yleisiss\u00e4 ehdoissa palveluntarjoaja on Bariatric Services AS sek\u00e4 sen ty\u00f6ntekij\u00e4t ja palveluntarjoajat (luonnolliset ja juridiset henkil\u00f6t).<br \/>2.3. Potilas &#8211; henkil\u00f6, jolle tarjotaan terveydenhuoltoa tai joka haluaa sit\u00e4<br \/>terveydenhuolto j\u00e4rjestett\u00e4isiin.<\/p><h4>3. Sopimuksen tekeminen (Palveluajan varaus)<\/h4><p>3.1. Potilas voi varata ajan Palvelun vastaanottamiseen puhelimitse tai s\u00e4hk\u00f6postitse Palveluntarjoajan verkkosivuilla olevien yhteystietojen kautta sek\u00e4 Palveluntarjoajan verkkosivuilla olevalla pyynt\u00f6lomakkeella.<br \/>3.2. Kun potilas varaa ajan Palvelun vastaanottamiseen, katsotaan terveydenhuollon palvelusopimus syntyneen Palveluntarjoajan ja Potilaan v\u00e4lill\u00e4.<br \/>3.3. Palvelu tarjotaan potilaan suostumuksella.<br \/>3.4. N\u00e4m\u00e4 yleiset ehdot sek\u00e4 Palveluntarjoajan vahvistamat ja Potilaan k\u00e4ytt\u00f6\u00f6n asettamat menettelyt, s\u00e4\u00e4nn\u00f6t ja vaatimukset, joita potilas sitoutuu noudattamaan varattaessaan ajan terveydenhuoltopalvelujen tuottamiseen, ovat olennaisia \u200b\u200bliitteit\u00e4 potilassopimukseen. terveydenhuoltopalvelujen tarjoaminen.<\/p><h4>4. Osapuolten oikeudet ja velvollisuudet<\/h4><p>4.1. Potilaalla on oikeus:<br \/>4.1.1. Peruuttaa Palvelun vastaanottamiseen varaama aika syyt\u00e4 ilmoittamatta.<br \/>4.1.2. Kunnioitamme yksityisyytt\u00e4si Palvelua tarjoaessasi.<br \/>4.1.3. Tietojesi luottamuksellisuuteen Palveluntarjoajan toimesta. Palveluntarjoaja ei luovuta Potilaan tietoja kolmansille osapuolille muutoin kuin Potilaan kanssa sovittaessa tai jos laissa niin m\u00e4\u00e4r\u00e4t\u00e4\u00e4n.<br \/>4.1.4. Valitse eri Palveluista, kielt\u00e4ydy vastaanottamasta Palvelua.<br \/>4.1.5. Saada korkealaatuista, l\u00e4\u00e4ketieteen yleist\u00e4 tasoa vastaavaa palvelua. Palveluntarjoaja ei voi luvata potilaan toipumista tai leikkauksen onnistumista.<br \/>4.1.6. Tee ehdotuksia ja valituksia Palvelun toimittamisesta ja j\u00e4rjestelyst\u00e4.<\/p><p>4.2. Potilas sitoutuu:<br \/>4.2.1. Saavu sovittuun paikkaan vastaanottamaan Palvelu ajoissa.<br \/>4.2.2 Esit\u00e4 kuvallinen henkil\u00f6llisyystodistus (henkil\u00f6kortti, passi, ajokortti);<br \/>4.2.3. Maksamaan Palveluntarjoajan l\u00e4hett\u00e4m\u00e4t laskut ajallaan;<br \/>4.2.3. Ilmoita Palveluntarjoajalle mahdollisimman pian, jos et voi tulla nauttimaan Palvelua varattuun aikaan.<br \/>4.2.4. Suorittaa terveydenhuollon ty\u00f6ntekij\u00e4n m\u00e4\u00e4r\u00e4\u00e4m\u00e4t l\u00e4\u00e4ketieteellisesti perustellut hoidot ja reseptit sek\u00e4 Palvelun tarjoamisen aikana ett\u00e4 sen j\u00e4lkeen.<br \/>4.2.5. Noudata palveluntuottajan potilaille vahvistamia menettelys\u00e4\u00e4nt\u00f6j\u00e4 ja muita potilaiden tiedossa olevia vaatimuksia sairaalassa olonsa aikana.<\/p><p>4.3. Palveluntarjoaja sitoutuu:<br \/>4.3.1. Ilmoittaa potilaalle h\u00e4nen tutkimuksensa tuloksista ja terveydentilasta, mahdollisista sairauksista ja niiden etenemisest\u00e4, tarjottavan teini-i\u00e4n luonteesta ja tarkoituksesta, sen tarjoamiseen liittyvist\u00e4 vaaroista ja seurauksista sek\u00e4 muista mahdollisista ja tarpeellisista terveydenhuoltopalveluista sek\u00e4 mahdollisuudesta saada tietoa hoitavalta l\u00e4\u00e4k\u00e4rilt\u00e4 sek\u00e4 ennen Palvelun tarjoamista ett\u00e4 sen aikana.<br \/>4.3.2. Dokumentoi Palvelun toimittaminen voimassa olevien vaatimusten mukaisesti.<br \/>4.3.3. K\u00e4sitell\u00e4 Potilaan henkil\u00f6tietoja Viron ja Euroopan unionin henkil\u00f6tietosuojas\u00e4\u00e4nt\u00f6jen mukaisesti;<\/p><p>4.4. Palveluntarjoajalla on oikeus:<br \/>4.4.1. Yksipuolisesti muuttaa tai peruuttaa Potilaan varaama aika toiminnallisista tai muista t\u00e4rkeist\u00e4 syist\u00e4. Palveluntarjoaja ilmoittaa Potilaalle muutoksesta viimeist\u00e4\u00e4n yhden arkip\u00e4iv\u00e4n kuluessa.<br \/>4.4.2. Vaadi potilasta antamaan kirjallinen suostumus Palvelun tarjoamiseen.<br \/>4.4.3. Palveluntarjoajalla on oikeus kielt\u00e4yty\u00e4 palvelun tarjoamisesta Potilaalle (mukaan lukien ajanvaraus) tai irtisanoa Palvelu, jos Potilas:<br \/>4.4.3.1. my\u00f6h\u00e4styy sovitusta ajasta ja paikasta palvelun vastaanottamiseen;<br \/>4.4.3.2. on alkoholin ja\/tai huumeiden vaikutuksen alaisena;<br \/>4.4.3.3. on velkaa Palveluntarjoajalle;<br \/>4.4.3.4. ei suostu allekirjoittamaan tietoon perustuvaa suostumuslomaketta;<br \/>4.4.3.5. haluaa saada palvelua, joka ei ole l\u00e4\u00e4ketieteellisesti perusteltua;<br \/>4.4.3.6. ei paljasta Palvelun tarjoamisen kannalta tarpeellisia tietoja;<br \/>4.4.3.7. ei noudata hyvi\u00e4 viestint\u00e4k\u00e4yt\u00e4nt\u00f6j\u00e4;<br \/>4.4.4. Palvelun tarjoamisen kannalta tarpeellisten Potilaan henkil\u00f6tietojen, mukaan lukien terveystietojen, k\u00e4sittelyyn. Palvelun tarjoamiseksi Palveluntarjoajan voi olla tarpeen tarkistaa Potilaan henkil\u00f6tiedot Terveyden tietoj\u00e4rjestelm\u00e4ss\u00e4 tai muulla tietov\u00e4lineell\u00e4 ennen ajan alkamista. Jos Potilas peruuttaa ajan tai ei tule vastaanotolle sen j\u00e4lkeen, kun Palveluntarjoaja on tutkinut h\u00e4nen henkil\u00f6tietonsa palvelun tarjoamista varten, potilaan henkil\u00f6tietojen tutkiminen katsotaan palvelun tarjoamisen kannalta tarpeelliseksi.<\/p><h4>5. Palvelun maksu<\/h4><p>5.1. Potilas sitoutuu maksamaan h\u00e4nelle toimitetun Palvelun Palveluntarjoajan h\u00e4nelle esitt\u00e4m\u00e4n laskun mukaan.<br \/>5.2. Palvelusta maksetaan p\u00e4\u00e4s\u00e4\u00e4nt\u00f6isesti ennakkoon viimeist\u00e4\u00e4n palvelun toimitusp\u00e4iv\u00e4n\u00e4, tarkemmat maksuehdot ilmoitetaan laskulla.<br \/>5.3. Potilas voi halutessaan pyyt\u00e4\u00e4 luottolaitoksilta osamaksua Palvelun maksamiseksi. Potilas voi pyyt\u00e4\u00e4 Palveluntarjoajalta tietoja osamaksun hakemisesta.<br \/>5.4 Potilas on tietoinen siit\u00e4, ett\u00e4 Viron sairauskassa ei palauta palveluista maksettavia summia.<\/p><h4>6. Palaute ja valitukset<\/h4><p>Potilas voi l\u00e4hett\u00e4\u00e4 palautetta, ehdotuksia ja valituksia Palveluntarjoajalle:<\/p><p>6.1. s\u00e4hk\u00f6postitse osoitteeseen info@bariatricservices.eu<br \/>6.2. Potilaan tekem\u00e4t valitukset rekister\u00f6id\u00e4\u00e4n ja niihin vastataan s\u00e4hk\u00f6postitse 10 kalenterip\u00e4iv\u00e4n kuluessa valituksen rekister\u00f6innist\u00e4.<\/p><h4>7. Vastuu<\/h4><p>7.1. Palveluntarjoaja tarjoaa palveluja parhaan l\u00e4\u00e4ketieteellisen ja sairaanhoidon tiet\u00e4myksen ja hoitoohjeiden mukaan.<br \/>7.2. Palveluntarjoaja ei vastaa palvelun tarjoamiseen liittyvist\u00e4 kielteisist\u00e4 seurauksista, jos Potilaalle on tiedotettu mahdollisista riskeist\u00e4 ja seurauksista ja Potilas on antanut suostumuksensa Palvelun tuottamiseen.<br \/>7.3. Terveyslautakunta valvoo palveluntarjoajaa.<\/p><h4>8. Loppum\u00e4\u00e4r\u00e4ykset<\/h4><p>8.1. Palveluntarjoajalla on oikeus muuttaa yleisi\u00e4 ehtoja yksipuolisesti julkaisemalla muutokset palveluntarjoajan verkkosivuilla. Potilaaseen sovelletaan Palvelun tilaushetkell\u00e4 voimassa olevia yleisi\u00e4 ehtoja.<br \/>8.2. Yleisiss\u00e4 ehdoissa ja Sopimuksen tapauksessa asioissa, joita Sopimuksessa ei ole m\u00e4\u00e4r\u00e4tty, osapuolet ohjaavat voimassa olevaa Viron tasavallan lains\u00e4\u00e4d\u00e4nt\u00f6\u00e4. Sopimuksen t\u00e4yt\u00e4nt\u00f6\u00f6npanon aikana syntyneet erimielisyydet ratkaistaan \u200b\u200bneuvotteluteitse. Jos sopimukseen ei p\u00e4\u00e4st\u00e4, riidat ratkaistaan \u200b\u200btuomioistuimessa Viron tasavallan lains\u00e4\u00e4d\u00e4nn\u00f6n mukaisesti.<\/p>\t\t\t\t\t\t\t\t<\/div>\n\t\t\t\t<\/div>\n\t\t\t\t\t<\/div>\n\t\t\t\t<\/div>\n\t\t\t\t<\/div>\n\t\t","protected":false},"excerpt":{"rendered":"<p>1. Osapuolet 1.1. Bariatric Services AS:n palvelun yleiset ehdot s\u00e4\u00e4telev\u00e4t Palveluntarjoajan ja Potilaan keskin\u00e4isi\u00e4 oikeuksia ja velvollisuuksia Palvelun tarjoamisessa.1.2. Yleisiss\u00e4 ehdoissa s\u00e4\u00e4ntelem\u00e4tt\u00f6mi\u00e4 asioita ohjaavat velkaoikeuslaki, terveyspalvelujen j\u00e4rjest\u00e4mislaki sek\u00e4 muut lait ja niiden perusteella annettu lains\u00e4\u00e4d\u00e4nt\u00f6. 2. M\u00e4\u00e4ritelm\u00e4t 2.1. Palvelulla tarkoitetaan Palveluntarjoajan yleisten ehtojen puitteissa tarjoamia Terveydenhuollon palveluita.2.2. Yleisiss\u00e4 ehdoissa palveluntarjoaja on Bariatric Services AS sek\u00e4 [&hellip;]<\/p>\n","protected":false},"author":1,"featured_media":0,"parent":0,"menu_order":0,"comment_status":"closed","ping_status":"closed","template":"","meta":{"_acf_changed":false,"footnotes":""},"class_list":["post-4496","page","type-page","status-publish","hentry"],"acf":[],"yoast_head":"<!-- This site is optimized with the Yoast SEO plugin v27.3 - https:\/\/yoast.com\/product\/yoast-seo-wordpress\/ -->\n<title>Terveydenhuollon yleiset ehdot - Amsel Clinic<\/title>\n<meta name=\"robots\" content=\"index, follow, max-snippet:-1, max-image-preview:large, max-video-preview:-1\" \/>\n<link rel=\"canonical\" href=\"https:\/\/amselclinic.eu\/fi\/terveydenhuollon-yleiset-ehdot\/\" \/>\n<meta property=\"og:locale\" content=\"fi_FI\" \/>\n<meta property=\"og:type\" content=\"article\" \/>\n<meta property=\"og:title\" content=\"Terveydenhuollon yleiset ehdot - Amsel Clinic\" \/>\n<meta property=\"og:description\" content=\"1. Osapuolet 1.1. Bariatric Services AS:n palvelun yleiset ehdot s\u00e4\u00e4telev\u00e4t Palveluntarjoajan ja Potilaan keskin\u00e4isi\u00e4 oikeuksia ja velvollisuuksia Palvelun tarjoamisessa.1.2. Yleisiss\u00e4 ehdoissa s\u00e4\u00e4ntelem\u00e4tt\u00f6mi\u00e4 asioita ohjaavat velkaoikeuslaki, terveyspalvelujen j\u00e4rjest\u00e4mislaki sek\u00e4 muut lait ja niiden perusteella annettu lains\u00e4\u00e4d\u00e4nt\u00f6. 2. M\u00e4\u00e4ritelm\u00e4t 2.1. Palvelulla tarkoitetaan Palveluntarjoajan yleisten ehtojen puitteissa tarjoamia Terveydenhuollon palveluita.2.2. Yleisiss\u00e4 ehdoissa palveluntarjoaja on Bariatric Services AS sek\u00e4 [&hellip;]\" \/>\n<meta property=\"og:url\" content=\"https:\/\/amselclinic.eu\/fi\/terveydenhuollon-yleiset-ehdot\/\" \/>\n<meta property=\"og:site_name\" content=\"Amsel Clinic\" \/>\n<meta property=\"article:modified_time\" content=\"2025-01-28T13:44:12+00:00\" \/>\n<meta property=\"og:image\" content=\"https:\/\/amselclinic.eu\/wp-content\/uploads\/23JJ0925_568-2.jpg\" \/>\n\t<meta property=\"og:image:width\" content=\"1440\" \/>\n\t<meta property=\"og:image:height\" content=\"854\" \/>\n\t<meta property=\"og:image:type\" content=\"image\/jpeg\" \/>\n<meta name=\"twitter:card\" content=\"summary_large_image\" \/>\n<meta name=\"twitter:label1\" content=\"Arvioitu lukuaika\" \/>\n\t<meta name=\"twitter:data1\" content=\"5 minuuttia\" \/>\n<script type=\"application\/ld+json\" class=\"yoast-schema-graph\">{\"@context\":\"https:\\\/\\\/schema.org\",\"@graph\":[{\"@type\":\"WebPage\",\"@id\":\"https:\\\/\\\/amselclinic.eu\\\/fi\\\/terveydenhuollon-yleiset-ehdot\\\/\",\"url\":\"https:\\\/\\\/amselclinic.eu\\\/fi\\\/terveydenhuollon-yleiset-ehdot\\\/\",\"name\":\"Terveydenhuollon yleiset ehdot - Amsel Clinic\",\"isPartOf\":{\"@id\":\"https:\\\/\\\/amselclinic.eu\\\/fi\\\/#website\"},\"datePublished\":\"2024-01-19T11:39:15+00:00\",\"dateModified\":\"2025-01-28T13:44:12+00:00\",\"breadcrumb\":{\"@id\":\"https:\\\/\\\/amselclinic.eu\\\/fi\\\/terveydenhuollon-yleiset-ehdot\\\/#breadcrumb\"},\"inLanguage\":\"fi\",\"potentialAction\":[{\"@type\":\"ReadAction\",\"target\":[\"https:\\\/\\\/amselclinic.eu\\\/fi\\\/terveydenhuollon-yleiset-ehdot\\\/\"]}]},{\"@type\":\"BreadcrumbList\",\"@id\":\"https:\\\/\\\/amselclinic.eu\\\/fi\\\/terveydenhuollon-yleiset-ehdot\\\/#breadcrumb\",\"itemListElement\":[{\"@type\":\"ListItem\",\"position\":1,\"name\":\"Kotisivu\",\"item\":\"https:\\\/\\\/amselclinic.eu\\\/fi\\\/kotisivu\\\/\"},{\"@type\":\"ListItem\",\"position\":2,\"name\":\"Terveydenhuollon yleiset ehdot\"}]},{\"@type\":\"WebSite\",\"@id\":\"https:\\\/\\\/amselclinic.eu\\\/fi\\\/#website\",\"url\":\"https:\\\/\\\/amselclinic.eu\\\/fi\\\/\",\"name\":\"Amsel Clinic\",\"description\":\"Alati meie patsientidele parim kaaslane teekonnal tervema ja enesekindlama elu poole!\",\"publisher\":{\"@id\":\"https:\\\/\\\/amselclinic.eu\\\/fi\\\/#organization\"},\"alternateName\":\"Amsel\",\"potentialAction\":[{\"@type\":\"SearchAction\",\"target\":{\"@type\":\"EntryPoint\",\"urlTemplate\":\"https:\\\/\\\/amselclinic.eu\\\/fi\\\/?s={search_term_string}\"},\"query-input\":{\"@type\":\"PropertyValueSpecification\",\"valueRequired\":true,\"valueName\":\"search_term_string\"}}],\"inLanguage\":\"fi\"},{\"@type\":\"Organization\",\"@id\":\"https:\\\/\\\/amselclinic.eu\\\/fi\\\/#organization\",\"name\":\"BARIATRIC SERVICES AS\",\"alternateName\":\"Amsel Clinic\",\"url\":\"https:\\\/\\\/amselclinic.eu\\\/fi\\\/\",\"logo\":{\"@type\":\"ImageObject\",\"inLanguage\":\"fi\",\"@id\":\"https:\\\/\\\/amselclinic.eu\\\/fi\\\/#\\\/schema\\\/logo\\\/image\\\/\",\"url\":\"https:\\\/\\\/amselclinic.eu\\\/wp-content\\\/uploads\\\/Amsel-logo-sinine.svg\",\"contentUrl\":\"https:\\\/\\\/amselclinic.eu\\\/wp-content\\\/uploads\\\/Amsel-logo-sinine.svg\",\"width\":673.55,\"height\":632.11,\"caption\":\"BARIATRIC SERVICES AS\"},\"image\":{\"@id\":\"https:\\\/\\\/amselclinic.eu\\\/fi\\\/#\\\/schema\\\/logo\\\/image\\\/\"}}]}<\/script>\n<!-- \/ Yoast SEO plugin. -->","yoast_head_json":{"title":"Terveydenhuollon yleiset ehdot - Amsel Clinic","robots":{"index":"index","follow":"follow","max-snippet":"max-snippet:-1","max-image-preview":"max-image-preview:large","max-video-preview":"max-video-preview:-1"},"canonical":"https:\/\/amselclinic.eu\/fi\/terveydenhuollon-yleiset-ehdot\/","og_locale":"fi_FI","og_type":"article","og_title":"Terveydenhuollon yleiset ehdot - Amsel Clinic","og_description":"1. Osapuolet 1.1. Bariatric Services AS:n palvelun yleiset ehdot s\u00e4\u00e4telev\u00e4t Palveluntarjoajan ja Potilaan keskin\u00e4isi\u00e4 oikeuksia ja velvollisuuksia Palvelun tarjoamisessa.1.2. Yleisiss\u00e4 ehdoissa s\u00e4\u00e4ntelem\u00e4tt\u00f6mi\u00e4 asioita ohjaavat velkaoikeuslaki, terveyspalvelujen j\u00e4rjest\u00e4mislaki sek\u00e4 muut lait ja niiden perusteella annettu lains\u00e4\u00e4d\u00e4nt\u00f6. 2. M\u00e4\u00e4ritelm\u00e4t 2.1. Palvelulla tarkoitetaan Palveluntarjoajan yleisten ehtojen puitteissa tarjoamia Terveydenhuollon palveluita.2.2. Yleisiss\u00e4 ehdoissa palveluntarjoaja on Bariatric Services AS sek\u00e4 [&hellip;]","og_url":"https:\/\/amselclinic.eu\/fi\/terveydenhuollon-yleiset-ehdot\/","og_site_name":"Amsel Clinic","article_modified_time":"2025-01-28T13:44:12+00:00","og_image":[{"width":1440,"height":854,"url":"https:\/\/amselclinic.eu\/wp-content\/uploads\/23JJ0925_568-2.jpg","type":"image\/jpeg"}],"twitter_card":"summary_large_image","twitter_misc":{"Arvioitu lukuaika":"5 minuuttia"},"schema":{"@context":"https:\/\/schema.org","@graph":[{"@type":"WebPage","@id":"https:\/\/amselclinic.eu\/fi\/terveydenhuollon-yleiset-ehdot\/","url":"https:\/\/amselclinic.eu\/fi\/terveydenhuollon-yleiset-ehdot\/","name":"Terveydenhuollon yleiset ehdot - Amsel Clinic","isPartOf":{"@id":"https:\/\/amselclinic.eu\/fi\/#website"},"datePublished":"2024-01-19T11:39:15+00:00","dateModified":"2025-01-28T13:44:12+00:00","breadcrumb":{"@id":"https:\/\/amselclinic.eu\/fi\/terveydenhuollon-yleiset-ehdot\/#breadcrumb"},"inLanguage":"fi","potentialAction":[{"@type":"ReadAction","target":["https:\/\/amselclinic.eu\/fi\/terveydenhuollon-yleiset-ehdot\/"]}]},{"@type":"BreadcrumbList","@id":"https:\/\/amselclinic.eu\/fi\/terveydenhuollon-yleiset-ehdot\/#breadcrumb","itemListElement":[{"@type":"ListItem","position":1,"name":"Kotisivu","item":"https:\/\/amselclinic.eu\/fi\/kotisivu\/"},{"@type":"ListItem","position":2,"name":"Terveydenhuollon yleiset ehdot"}]},{"@type":"WebSite","@id":"https:\/\/amselclinic.eu\/fi\/#website","url":"https:\/\/amselclinic.eu\/fi\/","name":"Amsel Clinic","description":"Alati meie patsientidele parim kaaslane teekonnal tervema ja enesekindlama elu poole!","publisher":{"@id":"https:\/\/amselclinic.eu\/fi\/#organization"},"alternateName":"Amsel","potentialAction":[{"@type":"SearchAction","target":{"@type":"EntryPoint","urlTemplate":"https:\/\/amselclinic.eu\/fi\/?s={search_term_string}"},"query-input":{"@type":"PropertyValueSpecification","valueRequired":true,"valueName":"search_term_string"}}],"inLanguage":"fi"},{"@type":"Organization","@id":"https:\/\/amselclinic.eu\/fi\/#organization","name":"BARIATRIC SERVICES AS","alternateName":"Amsel Clinic","url":"https:\/\/amselclinic.eu\/fi\/","logo":{"@type":"ImageObject","inLanguage":"fi","@id":"https:\/\/amselclinic.eu\/fi\/#\/schema\/logo\/image\/","url":"https:\/\/amselclinic.eu\/wp-content\/uploads\/Amsel-logo-sinine.svg","contentUrl":"https:\/\/amselclinic.eu\/wp-content\/uploads\/Amsel-logo-sinine.svg","width":673.55,"height":632.11,"caption":"BARIATRIC SERVICES AS"},"image":{"@id":"https:\/\/amselclinic.eu\/fi\/#\/schema\/logo\/image\/"}}]}},"_links":{"self":[{"href":"https:\/\/amselclinic.eu\/fi\/wp-json\/wp\/v2\/pages\/4496","targetHints":{"allow":["GET"]}}],"collection":[{"href":"https:\/\/amselclinic.eu\/fi\/wp-json\/wp\/v2\/pages"}],"about":[{"href":"https:\/\/amselclinic.eu\/fi\/wp-json\/wp\/v2\/types\/page"}],"author":[{"embeddable":true,"href":"https:\/\/amselclinic.eu\/fi\/wp-json\/wp\/v2\/users\/1"}],"replies":[{"embeddable":true,"href":"https:\/\/amselclinic.eu\/fi\/wp-json\/wp\/v2\/comments?post=4496"}],"version-history":[{"count":7,"href":"https:\/\/amselclinic.eu\/fi\/wp-json\/wp\/v2\/pages\/4496\/revisions"}],"predecessor-version":[{"id":5525,"href":"https:\/\/amselclinic.eu\/fi\/wp-json\/wp\/v2\/pages\/4496\/revisions\/5525"}],"wp:attachment":[{"href":"https:\/\/amselclinic.eu\/fi\/wp-json\/wp\/v2\/media?parent=4496"}],"curies":[{"name":"wp","href":"https:\/\/api.w.org\/{rel}","templated":true}]}}