{"id":4490,"date":"2024-02-02T16:52:46","date_gmt":"2024-02-02T14:52:46","guid":{"rendered":"https:\/\/amselclinic.eu\/leikkauksen-jalkeiset-ohjeet\/"},"modified":"2024-04-29T14:27:29","modified_gmt":"2024-04-29T11:27:29","slug":"leikkauksen-jalkeiset-ohjeet","status":"publish","type":"page","link":"https:\/\/amselclinic.eu\/fi\/leikkauksen-jalkeiset-ohjeet\/","title":{"rendered":"Leikkauksen j\u00e4lkeiset ohjeet"},"content":{"rendered":"\t\t<div data-elementor-type=\"wp-page\" data-elementor-id=\"4490\" class=\"elementor elementor-4490 elementor-3328\" data-elementor-post-type=\"page\">\n\t\t\t\t<div class=\"elementor-element elementor-element-46d19f4 e-flex e-con-boxed e-con e-parent\" data-id=\"46d19f4\" data-element_type=\"container\" data-e-type=\"container\" data-settings=\"{&quot;jet_parallax_layout_list&quot;:[]}\">\n\t\t\t\t\t<div class=\"e-con-inner\">\n\t\t\t\t<div class=\"elementor-element elementor-element-e7bc926 elementor-widget elementor-widget-text-editor\" data-id=\"e7bc926\" data-element_type=\"widget\" data-e-type=\"widget\" data-widget_type=\"text-editor.default\">\n\t\t\t\t<div class=\"elementor-widget-container\">\n\t\t\t\t\t\t\t\t\t<p><b>Leikkauksen j\u00e4lkeen<\/b><\/p>\n<p><span style=\"font-weight: 400;\">Paikallispuudutuksessa tehdyn leikkauksen j\u00e4lkeen voit poistua sairaalasta heti, jos voit hyvin. Kaikki potilaat saavat kotihoito- ja haavanhoito-ohjeet. Ajaminen on sallittua.  <\/span><\/p>\n<p><b>Kotona<\/b><\/p>\n<p><span style=\"font-weight: 400;\">Leikkauksen j\u00e4lkeist\u00e4 v\u00e4symyst\u00e4 ja kipua on odotettavissa. Suosittelemme liikkumaan mahdollisimman paljon ja huolehtimaan p\u00e4ivitt\u00e4isist\u00e4 kotit\u00f6ist\u00e4. Voit pest\u00e4 haavat suihkussa leikkauksen j\u00e4lkeisen\u00e4 p\u00e4iv\u00e4n\u00e4. Monet potilaat palaavat t\u00f6ihin 1-2 p\u00e4iv\u00e4ss\u00e4. Suosittelemme odottamaan 2 viikkoa ennen saunaa, kylpy\u00e4 ja uimista.    <\/span><\/p>\n<p><span style=\"font-weight: 400;\">Raskaan fyysisen ty\u00f6n ja lihasharjoittelun voi aloittaa leikkausalueella, kun leikkauksesta on kulunut 3 viikkoa.<\/span><\/p>\n<p><span style=\"font-weight: 400;\">Haavan laastarit on vaihdettava kolmen ensimm\u00e4isen p\u00e4iv\u00e4n aikana suihkun j\u00e4lkeen, sen j\u00e4lkeen laastareita ei tarvita, ja nelj\u00e4nnen p\u00e4iv\u00e4n aamuna voit poistaa laastarit haavateippien kanssa ja j\u00e4tt\u00e4\u00e4 haavat auki. Ompeleet ovat aina ihon sis\u00e4ll\u00e4 ja liukenevat itsest\u00e4\u00e4n. Tarkemmat haavanhoitosuositukset l\u00f6ytyv\u00e4t sinulle sairaalassa annetuista kirjallisista ohjeista.  <\/span><\/p>\n<p><span style=\"font-weight: 400;\">Kohtuullinen fyysinen aktiivisuus edist\u00e4\u00e4 kehon palautumista ja v\u00e4hent\u00e4\u00e4 komplikaatioiden riski\u00e4.<\/span><\/p>\n<p><b>HUOM! Sappirakon poistamisen j\u00e4lkeen suosittelemme, ett\u00e4 tutustut sairaalan ravitsemussuosituksiin.  <\/b><\/p>\n<p><b>HUOM! Kilpirauhasleikkauksen j\u00e4lkeen tarkkaile leikkaushaavaa ja kaulan aluetta. Jos se turpoaa ja on vaikea koskettaa, se voi viitata verenvuotoon leikkaushaavasta. T\u00e4ss\u00e4 tapauksessa saatat tarvita h\u00e4t\u00e4apua. Soita ambulanssi tai pyyd\u00e4 perheenj\u00e4sent\u00e4si viem\u00e4\u00e4n sinut l\u00e4himp\u00e4\u00e4n EMO:hon. Haavan sis\u00e4ll\u00e4 oleva mustelma voi puristaa henkitorven ja aiheuttaa tukehtumisen.     <\/b><\/p>\n<p><span style=\"font-weight: 400;\">Jos sinulla on kysytt\u00e4v\u00e4\u00e4 tai ongelmia, ota meihin yhteytt\u00e4.<\/span><\/p>\n\t\t\t\t\t\t\t\t<\/div>\n\t\t\t\t<\/div>\n\t\t\t\t\t<\/div>\n\t\t\t\t<\/div>\n\t\t\t\t<\/div>\n\t\t","protected":false},"excerpt":{"rendered":"<p>Leikkauksen j\u00e4lkeen Paikallispuudutuksessa tehdyn leikkauksen j\u00e4lkeen voit poistua sairaalasta heti, jos voit hyvin. Kaikki potilaat saavat kotihoito- ja haavanhoito-ohjeet. Ajaminen on sallittua. Kotona Leikkauksen j\u00e4lkeist\u00e4 v\u00e4symyst\u00e4 ja kipua on odotettavissa. Suosittelemme liikkumaan mahdollisimman paljon ja huolehtimaan p\u00e4ivitt\u00e4isist\u00e4 kotit\u00f6ist\u00e4. Voit pest\u00e4 haavat suihkussa leikkauksen j\u00e4lkeisen\u00e4 p\u00e4iv\u00e4n\u00e4. Monet potilaat palaavat t\u00f6ihin 1-2 p\u00e4iv\u00e4ss\u00e4. Suosittelemme odottamaan 2 viikkoa [&hellip;]<\/p>\n","protected":false},"author":2,"featured_media":0,"parent":0,"menu_order":0,"comment_status":"closed","ping_status":"closed","template":"","meta":{"_acf_changed":false,"footnotes":""},"class_list":["post-4490","page","type-page","status-publish","hentry"],"acf":[],"yoast_head":"<!-- This site is optimized with the Yoast SEO plugin v27.3 - https:\/\/yoast.com\/product\/yoast-seo-wordpress\/ -->\n<title>Leikkauksen j\u00e4lkeiset ohjeet - Amsel Clinic<\/title>\n<meta name=\"robots\" content=\"index, follow, max-snippet:-1, max-image-preview:large, max-video-preview:-1\" \/>\n<link rel=\"canonical\" href=\"https:\/\/amselclinic.eu\/fi\/leikkauksen-jalkeiset-ohjeet\/\" \/>\n<meta property=\"og:locale\" content=\"fi_FI\" \/>\n<meta property=\"og:type\" content=\"article\" \/>\n<meta property=\"og:title\" content=\"Leikkauksen j\u00e4lkeiset ohjeet - Amsel Clinic\" \/>\n<meta property=\"og:description\" content=\"Leikkauksen j\u00e4lkeen Paikallispuudutuksessa tehdyn leikkauksen j\u00e4lkeen voit poistua sairaalasta heti, jos voit hyvin. Kaikki potilaat saavat kotihoito- ja haavanhoito-ohjeet. Ajaminen on sallittua. Kotona Leikkauksen j\u00e4lkeist\u00e4 v\u00e4symyst\u00e4 ja kipua on odotettavissa. Suosittelemme liikkumaan mahdollisimman paljon ja huolehtimaan p\u00e4ivitt\u00e4isist\u00e4 kotit\u00f6ist\u00e4. Voit pest\u00e4 haavat suihkussa leikkauksen j\u00e4lkeisen\u00e4 p\u00e4iv\u00e4n\u00e4. Monet potilaat palaavat t\u00f6ihin 1-2 p\u00e4iv\u00e4ss\u00e4. Suosittelemme odottamaan 2 viikkoa [&hellip;]\" \/>\n<meta property=\"og:url\" content=\"https:\/\/amselclinic.eu\/fi\/leikkauksen-jalkeiset-ohjeet\/\" \/>\n<meta property=\"og:site_name\" content=\"Amsel Clinic\" \/>\n<meta property=\"article:modified_time\" content=\"2024-04-29T11:27:29+00:00\" \/>\n<meta property=\"og:image\" content=\"https:\/\/amselclinic.eu\/wp-content\/uploads\/23JJ0925_568-2.jpg\" \/>\n\t<meta property=\"og:image:width\" content=\"1440\" \/>\n\t<meta property=\"og:image:height\" content=\"854\" \/>\n\t<meta property=\"og:image:type\" content=\"image\/jpeg\" \/>\n<meta name=\"twitter:card\" content=\"summary_large_image\" \/>\n<meta name=\"twitter:label1\" content=\"Arvioitu lukuaika\" \/>\n\t<meta name=\"twitter:data1\" content=\"1 minuutti\" \/>\n<script type=\"application\/ld+json\" class=\"yoast-schema-graph\">{\"@context\":\"https:\\\/\\\/schema.org\",\"@graph\":[{\"@type\":\"WebPage\",\"@id\":\"https:\\\/\\\/amselclinic.eu\\\/fi\\\/leikkauksen-jalkeiset-ohjeet\\\/\",\"url\":\"https:\\\/\\\/amselclinic.eu\\\/fi\\\/leikkauksen-jalkeiset-ohjeet\\\/\",\"name\":\"Leikkauksen j\u00e4lkeiset ohjeet - Amsel Clinic\",\"isPartOf\":{\"@id\":\"https:\\\/\\\/amselclinic.eu\\\/fi\\\/#website\"},\"datePublished\":\"2024-02-02T14:52:46+00:00\",\"dateModified\":\"2024-04-29T11:27:29+00:00\",\"breadcrumb\":{\"@id\":\"https:\\\/\\\/amselclinic.eu\\\/fi\\\/leikkauksen-jalkeiset-ohjeet\\\/#breadcrumb\"},\"inLanguage\":\"fi\",\"potentialAction\":[{\"@type\":\"ReadAction\",\"target\":[\"https:\\\/\\\/amselclinic.eu\\\/fi\\\/leikkauksen-jalkeiset-ohjeet\\\/\"]}]},{\"@type\":\"BreadcrumbList\",\"@id\":\"https:\\\/\\\/amselclinic.eu\\\/fi\\\/leikkauksen-jalkeiset-ohjeet\\\/#breadcrumb\",\"itemListElement\":[{\"@type\":\"ListItem\",\"position\":1,\"name\":\"Kotisivu\",\"item\":\"https:\\\/\\\/amselclinic.eu\\\/fi\\\/kotisivu\\\/\"},{\"@type\":\"ListItem\",\"position\":2,\"name\":\"Leikkauksen j\u00e4lkeiset ohjeet\"}]},{\"@type\":\"WebSite\",\"@id\":\"https:\\\/\\\/amselclinic.eu\\\/fi\\\/#website\",\"url\":\"https:\\\/\\\/amselclinic.eu\\\/fi\\\/\",\"name\":\"Amsel Clinic\",\"description\":\"Alati meie patsientidele parim kaaslane teekonnal tervema ja enesekindlama elu poole!\",\"publisher\":{\"@id\":\"https:\\\/\\\/amselclinic.eu\\\/fi\\\/#organization\"},\"alternateName\":\"Amsel\",\"potentialAction\":[{\"@type\":\"SearchAction\",\"target\":{\"@type\":\"EntryPoint\",\"urlTemplate\":\"https:\\\/\\\/amselclinic.eu\\\/fi\\\/?s={search_term_string}\"},\"query-input\":{\"@type\":\"PropertyValueSpecification\",\"valueRequired\":true,\"valueName\":\"search_term_string\"}}],\"inLanguage\":\"fi\"},{\"@type\":\"Organization\",\"@id\":\"https:\\\/\\\/amselclinic.eu\\\/fi\\\/#organization\",\"name\":\"BARIATRIC SERVICES AS\",\"alternateName\":\"Amsel Clinic\",\"url\":\"https:\\\/\\\/amselclinic.eu\\\/fi\\\/\",\"logo\":{\"@type\":\"ImageObject\",\"inLanguage\":\"fi\",\"@id\":\"https:\\\/\\\/amselclinic.eu\\\/fi\\\/#\\\/schema\\\/logo\\\/image\\\/\",\"url\":\"https:\\\/\\\/amselclinic.eu\\\/wp-content\\\/uploads\\\/Amsel-logo-sinine.svg\",\"contentUrl\":\"https:\\\/\\\/amselclinic.eu\\\/wp-content\\\/uploads\\\/Amsel-logo-sinine.svg\",\"width\":673.55,\"height\":632.11,\"caption\":\"BARIATRIC SERVICES AS\"},\"image\":{\"@id\":\"https:\\\/\\\/amselclinic.eu\\\/fi\\\/#\\\/schema\\\/logo\\\/image\\\/\"}}]}<\/script>\n<!-- \/ Yoast SEO plugin. -->","yoast_head_json":{"title":"Leikkauksen j\u00e4lkeiset ohjeet - Amsel Clinic","robots":{"index":"index","follow":"follow","max-snippet":"max-snippet:-1","max-image-preview":"max-image-preview:large","max-video-preview":"max-video-preview:-1"},"canonical":"https:\/\/amselclinic.eu\/fi\/leikkauksen-jalkeiset-ohjeet\/","og_locale":"fi_FI","og_type":"article","og_title":"Leikkauksen j\u00e4lkeiset ohjeet - Amsel Clinic","og_description":"Leikkauksen j\u00e4lkeen Paikallispuudutuksessa tehdyn leikkauksen j\u00e4lkeen voit poistua sairaalasta heti, jos voit hyvin. Kaikki potilaat saavat kotihoito- ja haavanhoito-ohjeet. Ajaminen on sallittua. Kotona Leikkauksen j\u00e4lkeist\u00e4 v\u00e4symyst\u00e4 ja kipua on odotettavissa. Suosittelemme liikkumaan mahdollisimman paljon ja huolehtimaan p\u00e4ivitt\u00e4isist\u00e4 kotit\u00f6ist\u00e4. Voit pest\u00e4 haavat suihkussa leikkauksen j\u00e4lkeisen\u00e4 p\u00e4iv\u00e4n\u00e4. Monet potilaat palaavat t\u00f6ihin 1-2 p\u00e4iv\u00e4ss\u00e4. Suosittelemme odottamaan 2 viikkoa [&hellip;]","og_url":"https:\/\/amselclinic.eu\/fi\/leikkauksen-jalkeiset-ohjeet\/","og_site_name":"Amsel Clinic","article_modified_time":"2024-04-29T11:27:29+00:00","og_image":[{"width":1440,"height":854,"url":"https:\/\/amselclinic.eu\/wp-content\/uploads\/23JJ0925_568-2.jpg","type":"image\/jpeg"}],"twitter_card":"summary_large_image","twitter_misc":{"Arvioitu lukuaika":"1 minuutti"},"schema":{"@context":"https:\/\/schema.org","@graph":[{"@type":"WebPage","@id":"https:\/\/amselclinic.eu\/fi\/leikkauksen-jalkeiset-ohjeet\/","url":"https:\/\/amselclinic.eu\/fi\/leikkauksen-jalkeiset-ohjeet\/","name":"Leikkauksen j\u00e4lkeiset ohjeet - Amsel Clinic","isPartOf":{"@id":"https:\/\/amselclinic.eu\/fi\/#website"},"datePublished":"2024-02-02T14:52:46+00:00","dateModified":"2024-04-29T11:27:29+00:00","breadcrumb":{"@id":"https:\/\/amselclinic.eu\/fi\/leikkauksen-jalkeiset-ohjeet\/#breadcrumb"},"inLanguage":"fi","potentialAction":[{"@type":"ReadAction","target":["https:\/\/amselclinic.eu\/fi\/leikkauksen-jalkeiset-ohjeet\/"]}]},{"@type":"BreadcrumbList","@id":"https:\/\/amselclinic.eu\/fi\/leikkauksen-jalkeiset-ohjeet\/#breadcrumb","itemListElement":[{"@type":"ListItem","position":1,"name":"Kotisivu","item":"https:\/\/amselclinic.eu\/fi\/kotisivu\/"},{"@type":"ListItem","position":2,"name":"Leikkauksen j\u00e4lkeiset ohjeet"}]},{"@type":"WebSite","@id":"https:\/\/amselclinic.eu\/fi\/#website","url":"https:\/\/amselclinic.eu\/fi\/","name":"Amsel Clinic","description":"Alati meie patsientidele parim kaaslane teekonnal tervema ja enesekindlama elu poole!","publisher":{"@id":"https:\/\/amselclinic.eu\/fi\/#organization"},"alternateName":"Amsel","potentialAction":[{"@type":"SearchAction","target":{"@type":"EntryPoint","urlTemplate":"https:\/\/amselclinic.eu\/fi\/?s={search_term_string}"},"query-input":{"@type":"PropertyValueSpecification","valueRequired":true,"valueName":"search_term_string"}}],"inLanguage":"fi"},{"@type":"Organization","@id":"https:\/\/amselclinic.eu\/fi\/#organization","name":"BARIATRIC SERVICES AS","alternateName":"Amsel Clinic","url":"https:\/\/amselclinic.eu\/fi\/","logo":{"@type":"ImageObject","inLanguage":"fi","@id":"https:\/\/amselclinic.eu\/fi\/#\/schema\/logo\/image\/","url":"https:\/\/amselclinic.eu\/wp-content\/uploads\/Amsel-logo-sinine.svg","contentUrl":"https:\/\/amselclinic.eu\/wp-content\/uploads\/Amsel-logo-sinine.svg","width":673.55,"height":632.11,"caption":"BARIATRIC SERVICES AS"},"image":{"@id":"https:\/\/amselclinic.eu\/fi\/#\/schema\/logo\/image\/"}}]}},"_links":{"self":[{"href":"https:\/\/amselclinic.eu\/fi\/wp-json\/wp\/v2\/pages\/4490","targetHints":{"allow":["GET"]}}],"collection":[{"href":"https:\/\/amselclinic.eu\/fi\/wp-json\/wp\/v2\/pages"}],"about":[{"href":"https:\/\/amselclinic.eu\/fi\/wp-json\/wp\/v2\/types\/page"}],"author":[{"embeddable":true,"href":"https:\/\/amselclinic.eu\/fi\/wp-json\/wp\/v2\/users\/2"}],"replies":[{"embeddable":true,"href":"https:\/\/amselclinic.eu\/fi\/wp-json\/wp\/v2\/comments?post=4490"}],"version-history":[{"count":1,"href":"https:\/\/amselclinic.eu\/fi\/wp-json\/wp\/v2\/pages\/4490\/revisions"}],"predecessor-version":[{"id":4491,"href":"https:\/\/amselclinic.eu\/fi\/wp-json\/wp\/v2\/pages\/4490\/revisions\/4491"}],"wp:attachment":[{"href":"https:\/\/amselclinic.eu\/fi\/wp-json\/wp\/v2\/media?parent=4490"}],"curies":[{"name":"wp","href":"https:\/\/api.w.org\/{rel}","templated":true}]}}