{"id":4474,"date":"2024-01-30T13:43:17","date_gmt":"2024-01-30T11:43:17","guid":{"rendered":"https:\/\/amselclinic.eu\/konsultointi\/"},"modified":"2024-04-29T12:54:30","modified_gmt":"2024-04-29T09:54:30","slug":"konsultointi","status":"publish","type":"page","link":"https:\/\/amselclinic.eu\/fi\/konsultointi\/","title":{"rendered":"Konsultointi"},"content":{"rendered":"\t\t<div data-elementor-type=\"wp-page\" data-elementor-id=\"4474\" class=\"elementor elementor-4474 elementor-2625\" data-elementor-post-type=\"page\">\n\t\t\t\t<div class=\"elementor-element elementor-element-e376924 e-flex e-con-boxed e-con e-parent\" data-id=\"e376924\" data-element_type=\"container\" data-e-type=\"container\" data-settings=\"{&quot;background_background&quot;:&quot;classic&quot;,&quot;jet_parallax_layout_list&quot;:[]}\">\n\t\t\t\t\t<div class=\"e-con-inner\">\n\t\t\t\t<div class=\"elementor-element elementor-element-df99ffb elementor-widget__width-initial elementor-widget-mobile__width-inherit elementor-widget elementor-widget-text-editor\" data-id=\"df99ffb\" data-element_type=\"widget\" data-e-type=\"widget\" data-widget_type=\"text-editor.default\">\n\t\t\t\t<div class=\"elementor-widget-container\">\n\t\t\t\t\t\t\t\t\t<h4 data-pm-slice=\"1 1 []\">Konsultointi<\/h4>\n<p data-pm-slice=\"1 1 []\">Jos etsit nopeaa ja ammattimaista ratkaisua terveysongelmiisi, odotamme konsultaatiotasi Amsel Cliniciss\u00e4. <\/p>\n<p>Kirurginen hoito alkaa hoitosuunnitelman laatimisella. T\u00e4t\u00e4 varten kirurgi tarvitsee tietoa ongelmasi luonteesta, siihen liittyvist\u00e4 valituksista ja odotuksistasi. Kirurgi esittelee sinulle erilaisia \u200b\u200bhoitovaihtoehtoja, niiden etuja ja ominaisuuksia. Neuvottelun tuloksena sovitaan sinulle sopiva ratkaisu sek\u00e4 seuraavat vaiheet joko leikkausajan sopimisen tai lis\u00e4tutkimusten muodossa.    <\/p>\n<p>Konsultaatioon tullessaan kirurgi kuuntelee ensin k\u00e4yntisi syyn. Kirurgi kysyy selvent\u00e4vi\u00e4 kysymyksi\u00e4 sairaushistoriastasi, rinnakkaissairauksista ja l\u00e4\u00e4kkeist\u00e4si. Plastiikka- ja tyr\u00e4kirurgian hoitosuunnitelman tekemiseksi vaaditaan yleens\u00e4 paikan p\u00e4\u00e4ll\u00e4 teht\u00e4v\u00e4 leikkaustutkimus. Puhelin- tai videokonsultaatio riitt\u00e4\u00e4 ennen kilpirauhasen ja sappirakon leikkausta.    <\/p>\n<p>On t\u00e4rke\u00e4\u00e4, ett\u00e4 tunnet olosi hyv\u00e4ksi ja mukavaksi konsultaatiossa. Keskusteluun valmistautuminen auttaa sinua puhumaan vapaammin ja t\u00e4sm\u00e4llisemmin niist\u00e4 ongelmista ja odotuksista, jotka saivat sinut k\u00e4\u00e4ntym\u00e4\u00e4n kirurgiemme puoleen. L\u00f6yd\u00e4t tietoa kiinnostuksen kohteen toiminnasta verkkosivuiltamme. Siell\u00e4 selitet\u00e4\u00e4n tarkemmin toimenpiteen luonne, hahmotellaan mahdollisia komplikaatioita ja annetaan leikkauksen j\u00e4lkeisi\u00e4 ohjeita. On hy\u00f6dyllist\u00e4 kirjoittaa yl\u00f6s kysymyksi\u00e4 ja aiheita, joista ehdottomasti haluat tietoa. N\u00e4in niist\u00e4 keskustellaan varmasti kirurgin kanssa.      <\/p>\n<p class=\"p1\">Kirurgien konsultaatiomme ovat kattavat ja kest\u00e4v\u00e4t jopa 60 minuuttia<\/p>\n\t\t\t\t\t\t\t\t<\/div>\n\t\t\t\t<\/div>\n\t\t\t\t<div class=\"elementor-element elementor-element-b3766d7 elementor-widget__width-initial elementor-widget elementor-widget-image\" data-id=\"b3766d7\" data-element_type=\"widget\" data-e-type=\"widget\" data-widget_type=\"image.default\">\n\t\t\t\t<div class=\"elementor-widget-container\">\n\t\t\t\t\t\t\t\t\t\t\t\t\t\t\t<img fetchpriority=\"high\" decoding=\"async\" width=\"2244\" height=\"2560\" src=\"https:\/\/amselclinic.eu\/wp-content\/uploads\/konsultatsioon-scaled.jpg\" class=\"attachment-full size-full wp-image-4308\" alt=\"\" srcset=\"https:\/\/amselclinic.eu\/wp-content\/uploads\/konsultatsioon-scaled.jpg 2244w, https:\/\/amselclinic.eu\/wp-content\/uploads\/konsultatsioon-263x300.jpg 263w, https:\/\/amselclinic.eu\/wp-content\/uploads\/konsultatsioon-898x1024.jpg 898w, https:\/\/amselclinic.eu\/wp-content\/uploads\/konsultatsioon-768x876.jpg 768w, https:\/\/amselclinic.eu\/wp-content\/uploads\/konsultatsioon-1346x1536.jpg 1346w, https:\/\/amselclinic.eu\/wp-content\/uploads\/konsultatsioon-1795x2048.jpg 1795w\" sizes=\"(max-width: 2244px) 100vw, 2244px\" \/>\t\t\t\t\t\t\t\t\t\t\t\t\t\t\t<\/div>\n\t\t\t\t<\/div>\n\t\t\t\t\t<\/div>\n\t\t\t\t<\/div>\n\t\t\t\t<\/div>\n\t\t","protected":false},"excerpt":{"rendered":"<p>Konsultointi Jos etsit nopeaa ja ammattimaista ratkaisua terveysongelmiisi, odotamme konsultaatiotasi Amsel Cliniciss\u00e4. Kirurginen hoito alkaa hoitosuunnitelman laatimisella. T\u00e4t\u00e4 varten kirurgi tarvitsee tietoa ongelmasi luonteesta, siihen liittyvist\u00e4 valituksista ja odotuksistasi. Kirurgi esittelee sinulle erilaisia \u200b\u200bhoitovaihtoehtoja, niiden etuja ja ominaisuuksia. Neuvottelun tuloksena sovitaan sinulle sopiva ratkaisu sek\u00e4 seuraavat vaiheet joko leikkausajan sopimisen tai lis\u00e4tutkimusten muodossa. Konsultaatioon tullessaan [&hellip;]<\/p>\n","protected":false},"author":2,"featured_media":0,"parent":0,"menu_order":0,"comment_status":"closed","ping_status":"closed","template":"","meta":{"_acf_changed":false,"footnotes":""},"class_list":["post-4474","page","type-page","status-publish","hentry"],"acf":[],"yoast_head":"<!-- This site is optimized with the Yoast SEO plugin v27.3 - https:\/\/yoast.com\/product\/yoast-seo-wordpress\/ -->\n<title>Konsultointi - Amsel Clinic<\/title>\n<meta name=\"robots\" content=\"index, follow, max-snippet:-1, max-image-preview:large, max-video-preview:-1\" \/>\n<link rel=\"canonical\" href=\"https:\/\/amselclinic.eu\/fi\/konsultointi\/\" \/>\n<meta property=\"og:locale\" content=\"fi_FI\" \/>\n<meta property=\"og:type\" content=\"article\" \/>\n<meta property=\"og:title\" content=\"Konsultointi - Amsel Clinic\" \/>\n<meta property=\"og:description\" content=\"Konsultointi Jos etsit nopeaa ja ammattimaista ratkaisua terveysongelmiisi, odotamme konsultaatiotasi Amsel Cliniciss\u00e4. Kirurginen hoito alkaa hoitosuunnitelman laatimisella. T\u00e4t\u00e4 varten kirurgi tarvitsee tietoa ongelmasi luonteesta, siihen liittyvist\u00e4 valituksista ja odotuksistasi. Kirurgi esittelee sinulle erilaisia \u200b\u200bhoitovaihtoehtoja, niiden etuja ja ominaisuuksia. Neuvottelun tuloksena sovitaan sinulle sopiva ratkaisu sek\u00e4 seuraavat vaiheet joko leikkausajan sopimisen tai lis\u00e4tutkimusten muodossa. Konsultaatioon tullessaan [&hellip;]\" \/>\n<meta property=\"og:url\" content=\"https:\/\/amselclinic.eu\/fi\/konsultointi\/\" \/>\n<meta property=\"og:site_name\" content=\"Amsel Clinic\" \/>\n<meta property=\"article:modified_time\" content=\"2024-04-29T09:54:30+00:00\" \/>\n<meta property=\"og:image\" content=\"https:\/\/amselclinic.eu\/wp-content\/uploads\/konsultatsioon-scaled.jpg\" \/>\n<meta name=\"twitter:card\" content=\"summary_large_image\" \/>\n<meta name=\"twitter:label1\" content=\"Arvioitu lukuaika\" \/>\n\t<meta name=\"twitter:data1\" content=\"1 minuutti\" \/>\n<script type=\"application\/ld+json\" class=\"yoast-schema-graph\">{\"@context\":\"https:\\\/\\\/schema.org\",\"@graph\":[{\"@type\":\"WebPage\",\"@id\":\"https:\\\/\\\/amselclinic.eu\\\/fi\\\/konsultointi\\\/\",\"url\":\"https:\\\/\\\/amselclinic.eu\\\/fi\\\/konsultointi\\\/\",\"name\":\"Konsultointi - Amsel Clinic\",\"isPartOf\":{\"@id\":\"https:\\\/\\\/amselclinic.eu\\\/fi\\\/#website\"},\"primaryImageOfPage\":{\"@id\":\"https:\\\/\\\/amselclinic.eu\\\/fi\\\/konsultointi\\\/#primaryimage\"},\"image\":{\"@id\":\"https:\\\/\\\/amselclinic.eu\\\/fi\\\/konsultointi\\\/#primaryimage\"},\"thumbnailUrl\":\"https:\\\/\\\/amselclinic.eu\\\/wp-content\\\/uploads\\\/konsultatsioon-scaled.jpg\",\"datePublished\":\"2024-01-30T11:43:17+00:00\",\"dateModified\":\"2024-04-29T09:54:30+00:00\",\"breadcrumb\":{\"@id\":\"https:\\\/\\\/amselclinic.eu\\\/fi\\\/konsultointi\\\/#breadcrumb\"},\"inLanguage\":\"fi\",\"potentialAction\":[{\"@type\":\"ReadAction\",\"target\":[\"https:\\\/\\\/amselclinic.eu\\\/fi\\\/konsultointi\\\/\"]}]},{\"@type\":\"ImageObject\",\"inLanguage\":\"fi\",\"@id\":\"https:\\\/\\\/amselclinic.eu\\\/fi\\\/konsultointi\\\/#primaryimage\",\"url\":\"https:\\\/\\\/amselclinic.eu\\\/wp-content\\\/uploads\\\/konsultatsioon-scaled.jpg\",\"contentUrl\":\"https:\\\/\\\/amselclinic.eu\\\/wp-content\\\/uploads\\\/konsultatsioon-scaled.jpg\"},{\"@type\":\"BreadcrumbList\",\"@id\":\"https:\\\/\\\/amselclinic.eu\\\/fi\\\/konsultointi\\\/#breadcrumb\",\"itemListElement\":[{\"@type\":\"ListItem\",\"position\":1,\"name\":\"Kotisivu\",\"item\":\"https:\\\/\\\/amselclinic.eu\\\/fi\\\/kotisivu\\\/\"},{\"@type\":\"ListItem\",\"position\":2,\"name\":\"Konsultointi\"}]},{\"@type\":\"WebSite\",\"@id\":\"https:\\\/\\\/amselclinic.eu\\\/fi\\\/#website\",\"url\":\"https:\\\/\\\/amselclinic.eu\\\/fi\\\/\",\"name\":\"Amsel Clinic\",\"description\":\"Alati meie patsientidele parim kaaslane teekonnal tervema ja enesekindlama elu poole!\",\"publisher\":{\"@id\":\"https:\\\/\\\/amselclinic.eu\\\/fi\\\/#organization\"},\"alternateName\":\"Amsel\",\"potentialAction\":[{\"@type\":\"SearchAction\",\"target\":{\"@type\":\"EntryPoint\",\"urlTemplate\":\"https:\\\/\\\/amselclinic.eu\\\/fi\\\/?s={search_term_string}\"},\"query-input\":{\"@type\":\"PropertyValueSpecification\",\"valueRequired\":true,\"valueName\":\"search_term_string\"}}],\"inLanguage\":\"fi\"},{\"@type\":\"Organization\",\"@id\":\"https:\\\/\\\/amselclinic.eu\\\/fi\\\/#organization\",\"name\":\"BARIATRIC SERVICES AS\",\"alternateName\":\"Amsel Clinic\",\"url\":\"https:\\\/\\\/amselclinic.eu\\\/fi\\\/\",\"logo\":{\"@type\":\"ImageObject\",\"inLanguage\":\"fi\",\"@id\":\"https:\\\/\\\/amselclinic.eu\\\/fi\\\/#\\\/schema\\\/logo\\\/image\\\/\",\"url\":\"https:\\\/\\\/amselclinic.eu\\\/wp-content\\\/uploads\\\/Amsel-logo-sinine.svg\",\"contentUrl\":\"https:\\\/\\\/amselclinic.eu\\\/wp-content\\\/uploads\\\/Amsel-logo-sinine.svg\",\"width\":673.55,\"height\":632.11,\"caption\":\"BARIATRIC SERVICES AS\"},\"image\":{\"@id\":\"https:\\\/\\\/amselclinic.eu\\\/fi\\\/#\\\/schema\\\/logo\\\/image\\\/\"}}]}<\/script>\n<!-- \/ Yoast SEO plugin. -->","yoast_head_json":{"title":"Konsultointi - Amsel Clinic","robots":{"index":"index","follow":"follow","max-snippet":"max-snippet:-1","max-image-preview":"max-image-preview:large","max-video-preview":"max-video-preview:-1"},"canonical":"https:\/\/amselclinic.eu\/fi\/konsultointi\/","og_locale":"fi_FI","og_type":"article","og_title":"Konsultointi - Amsel Clinic","og_description":"Konsultointi Jos etsit nopeaa ja ammattimaista ratkaisua terveysongelmiisi, odotamme konsultaatiotasi Amsel Cliniciss\u00e4. Kirurginen hoito alkaa hoitosuunnitelman laatimisella. T\u00e4t\u00e4 varten kirurgi tarvitsee tietoa ongelmasi luonteesta, siihen liittyvist\u00e4 valituksista ja odotuksistasi. Kirurgi esittelee sinulle erilaisia \u200b\u200bhoitovaihtoehtoja, niiden etuja ja ominaisuuksia. Neuvottelun tuloksena sovitaan sinulle sopiva ratkaisu sek\u00e4 seuraavat vaiheet joko leikkausajan sopimisen tai lis\u00e4tutkimusten muodossa. Konsultaatioon tullessaan [&hellip;]","og_url":"https:\/\/amselclinic.eu\/fi\/konsultointi\/","og_site_name":"Amsel Clinic","article_modified_time":"2024-04-29T09:54:30+00:00","og_image":[{"url":"https:\/\/amselclinic.eu\/wp-content\/uploads\/konsultatsioon-scaled.jpg","type":"","width":"","height":""}],"twitter_card":"summary_large_image","twitter_misc":{"Arvioitu lukuaika":"1 minuutti"},"schema":{"@context":"https:\/\/schema.org","@graph":[{"@type":"WebPage","@id":"https:\/\/amselclinic.eu\/fi\/konsultointi\/","url":"https:\/\/amselclinic.eu\/fi\/konsultointi\/","name":"Konsultointi - Amsel Clinic","isPartOf":{"@id":"https:\/\/amselclinic.eu\/fi\/#website"},"primaryImageOfPage":{"@id":"https:\/\/amselclinic.eu\/fi\/konsultointi\/#primaryimage"},"image":{"@id":"https:\/\/amselclinic.eu\/fi\/konsultointi\/#primaryimage"},"thumbnailUrl":"https:\/\/amselclinic.eu\/wp-content\/uploads\/konsultatsioon-scaled.jpg","datePublished":"2024-01-30T11:43:17+00:00","dateModified":"2024-04-29T09:54:30+00:00","breadcrumb":{"@id":"https:\/\/amselclinic.eu\/fi\/konsultointi\/#breadcrumb"},"inLanguage":"fi","potentialAction":[{"@type":"ReadAction","target":["https:\/\/amselclinic.eu\/fi\/konsultointi\/"]}]},{"@type":"ImageObject","inLanguage":"fi","@id":"https:\/\/amselclinic.eu\/fi\/konsultointi\/#primaryimage","url":"https:\/\/amselclinic.eu\/wp-content\/uploads\/konsultatsioon-scaled.jpg","contentUrl":"https:\/\/amselclinic.eu\/wp-content\/uploads\/konsultatsioon-scaled.jpg"},{"@type":"BreadcrumbList","@id":"https:\/\/amselclinic.eu\/fi\/konsultointi\/#breadcrumb","itemListElement":[{"@type":"ListItem","position":1,"name":"Kotisivu","item":"https:\/\/amselclinic.eu\/fi\/kotisivu\/"},{"@type":"ListItem","position":2,"name":"Konsultointi"}]},{"@type":"WebSite","@id":"https:\/\/amselclinic.eu\/fi\/#website","url":"https:\/\/amselclinic.eu\/fi\/","name":"Amsel Clinic","description":"Alati meie patsientidele parim kaaslane teekonnal tervema ja enesekindlama elu poole!","publisher":{"@id":"https:\/\/amselclinic.eu\/fi\/#organization"},"alternateName":"Amsel","potentialAction":[{"@type":"SearchAction","target":{"@type":"EntryPoint","urlTemplate":"https:\/\/amselclinic.eu\/fi\/?s={search_term_string}"},"query-input":{"@type":"PropertyValueSpecification","valueRequired":true,"valueName":"search_term_string"}}],"inLanguage":"fi"},{"@type":"Organization","@id":"https:\/\/amselclinic.eu\/fi\/#organization","name":"BARIATRIC SERVICES AS","alternateName":"Amsel Clinic","url":"https:\/\/amselclinic.eu\/fi\/","logo":{"@type":"ImageObject","inLanguage":"fi","@id":"https:\/\/amselclinic.eu\/fi\/#\/schema\/logo\/image\/","url":"https:\/\/amselclinic.eu\/wp-content\/uploads\/Amsel-logo-sinine.svg","contentUrl":"https:\/\/amselclinic.eu\/wp-content\/uploads\/Amsel-logo-sinine.svg","width":673.55,"height":632.11,"caption":"BARIATRIC SERVICES AS"},"image":{"@id":"https:\/\/amselclinic.eu\/fi\/#\/schema\/logo\/image\/"}}]}},"_links":{"self":[{"href":"https:\/\/amselclinic.eu\/fi\/wp-json\/wp\/v2\/pages\/4474","targetHints":{"allow":["GET"]}}],"collection":[{"href":"https:\/\/amselclinic.eu\/fi\/wp-json\/wp\/v2\/pages"}],"about":[{"href":"https:\/\/amselclinic.eu\/fi\/wp-json\/wp\/v2\/types\/page"}],"author":[{"embeddable":true,"href":"https:\/\/amselclinic.eu\/fi\/wp-json\/wp\/v2\/users\/2"}],"replies":[{"embeddable":true,"href":"https:\/\/amselclinic.eu\/fi\/wp-json\/wp\/v2\/comments?post=4474"}],"version-history":[{"count":1,"href":"https:\/\/amselclinic.eu\/fi\/wp-json\/wp\/v2\/pages\/4474\/revisions"}],"predecessor-version":[{"id":4475,"href":"https:\/\/amselclinic.eu\/fi\/wp-json\/wp\/v2\/pages\/4474\/revisions\/4475"}],"wp:attachment":[{"href":"https:\/\/amselclinic.eu\/fi\/wp-json\/wp\/v2\/media?parent=4474"}],"curies":[{"name":"wp","href":"https:\/\/api.w.org\/{rel}","templated":true}]}}