{"id":4453,"date":"2024-01-16T12:58:11","date_gmt":"2024-01-16T10:58:11","guid":{"rendered":"https:\/\/amselclinic.eu\/postoperatiiviset-ohjeet\/"},"modified":"2024-04-29T14:30:43","modified_gmt":"2024-04-29T11:30:43","slug":"postoperatiiviset-ohjeet","status":"publish","type":"page","link":"https:\/\/amselclinic.eu\/fi\/postoperatiiviset-ohjeet\/","title":{"rendered":"Leikkauksen j\u00e4lkeiset ohjeet"},"content":{"rendered":"\t\t<div data-elementor-type=\"wp-page\" data-elementor-id=\"4453\" class=\"elementor elementor-4453 elementor-1627\" data-elementor-post-type=\"page\">\n\t\t\t\t<div class=\"elementor-element elementor-element-46d19f4 e-flex e-con-boxed e-con e-parent\" data-id=\"46d19f4\" data-element_type=\"container\" data-e-type=\"container\" data-settings=\"{&quot;jet_parallax_layout_list&quot;:[]}\">\n\t\t\t\t\t<div class=\"e-con-inner\">\n\t\t\t\t<div class=\"elementor-element elementor-element-e7bc926 elementor-widget elementor-widget-text-editor\" data-id=\"e7bc926\" data-element_type=\"widget\" data-e-type=\"widget\" data-widget_type=\"text-editor.default\">\n\t\t\t\t<div class=\"elementor-widget-container\">\n\t\t\t\t\t\t\t\t\t<p><b>Leikkauksen j\u00e4lkeen<\/b><\/p>\n<p><span style=\"font-weight: 400;\">Leikkauksen j\u00e4lkeen olet her\u00e4\u00e4m\u00f6ss\u00e4 1-2 tuntia. Yleisi\u00e4 leikkauksen j\u00e4lkeisi\u00e4 vaivoja ovat kipu, pahoinvointi, v\u00e4symys ja jano. Kivun voimakkuus riippuu leikkauksen monimutkaisuudesta, haavan koosta ja yksil\u00f6llisest\u00e4 kiputilasta. Sinun ei tarvitse k\u00e4rsi\u00e4 leikkauksen j\u00e4lkeisest\u00e4 kivusta. Voit vapaasti kertoa valituksistasi her\u00e4tyshoitajalle. H\u00e4n hoitaa sinua ja antaa sinulle tarvittaessa l\u00e4\u00e4kkeit\u00e4 kivun ja pahoinvoinnin lievitt\u00e4miseksi.  <\/span><\/p>\n<p><span style=\"font-weight: 400;\">Her\u00e4tysalueelta siirryt tavalliselle alueelle, jossa viet\u00e4t 2-3 tuntia. Kun olet saapunut osastolle, tarjoamme sinulle kevyen aterian, ja voit toipua turvallisesti henkil\u00f6kuntamme valvonnassa ennen kotiinl\u00e4ht\u00f6\u00e4. Kun l\u00e4hdet sairaalasta, saat mukanasi kotihoito- ja haavanhoito-ohjeet.  <\/span><\/p>\n<p><span style=\"font-weight: 400;\">Leikkausp\u00e4iv\u00e4n\u00e4 suosittelemme kohtuullista liikuntaa. T\u00e4m\u00e4 nopeuttaa leikkauksesta toipumista ja v\u00e4hent\u00e4\u00e4 komplikaatioiden riski\u00e4.<\/span><\/p>\n<p><span style=\"font-weight: 400;\">Et saa ajaa autoa 24 tuntiin yleisanestesian j\u00e4lkeen, koska reaktioaikasi hidastuu. J\u00e4rjest\u00e4 siksi saattaja, joka tapaa sinut klinikalla ja vie sinut kotiin autolla tai taksilla.<\/span><\/p>\n<p><b>Kotona<\/b><\/p>\n<p><span style=\"font-weight: 400;\">Leikkauksen j\u00e4lkeist\u00e4 v\u00e4symyst\u00e4 ja kipua on odotettavissa. Suosittelemme, ett\u00e4 liikut mahdollisimman paljon ja teet p\u00e4ivitt\u00e4iset kotity\u00f6t. Voit pest\u00e4 haavasi suihkussa leikkausta seuraavana p\u00e4iv\u00e4n\u00e4. Monet potilaat palaavat t\u00f6ihin 1-2 p\u00e4iv\u00e4n kuluttua. Saunomista, kylpemist\u00e4 ja uintia varten suositellaan 2 viikon odotusaikaa.<\/span><\/p>\n<p><span style=\"font-weight: 400;\">Voit aloittaa raskaan liikunnan ja lihaskuntoharjoittelun leikkausalueella 3 viikon kuluttua leikkauksesta.<\/span><\/p>\n<p><span style=\"font-weight: 400;\">Haavalaput on vaihdettava suihkun j\u00e4lkeen kolmen ensimm\u00e4isen p\u00e4iv\u00e4n ajan, sen j\u00e4lkeen niit\u00e4 ei tarvitse k\u00e4ytt\u00e4\u00e4, ja nelj\u00e4nnen p\u00e4iv\u00e4n aamuna voit poistaa laastarit haavasidosten kanssa ja j\u00e4tt\u00e4\u00e4 haavat auki. Haavat ovat aina ihonsis\u00e4isi\u00e4 ja sulavat itsest\u00e4\u00e4n. Tarkemmat suositukset haavanhoidosta l\u00f6yd\u00e4t sairaalasta saamistasi kirjallisista ohjeista.<\/span><\/p>\n<p><span style=\"font-weight: 400;\">Kohtuullinen liikunta edist\u00e4\u00e4 elimist\u00f6n toipumista ja v\u00e4hent\u00e4\u00e4 komplikaatioiden riski\u00e4.<\/span><\/p>\n<p><b>NB! Sappirakon poiston j\u00e4lkeen suosittelemme, ett\u00e4 luet sairaalan antamat ruokavaliosuositukset.  <\/b><\/p>\n<p><b>NB! Kilpirauhasleikkauksen j\u00e4lkeen pid\u00e4 silm\u00e4ll\u00e4 leikkausaluetta ja kaulan aluetta. Jos se menee turvotuksen sis\u00e4\u00e4n ja tuntuu kovalta, se voi olla merkki verenvuodosta leikkaushaavasta. T\u00e4ss\u00e4 tapauksessa saatat tarvita h\u00e4t\u00e4apua. Soita ambulanssi tai pyyd\u00e4 perheenj\u00e4sent\u00e4 viem\u00e4\u00e4n sinut l\u00e4himp\u00e4\u00e4n ensiapupisteeseen. Haavan sis\u00e4inen verenvuoto voi tukkia henkitorven ja aiheuttaa tukehtumisen.<\/b><\/p>\n<p><span style=\"font-weight: 400;\">\u00c4l\u00e4 ep\u00e4r\u00f6i ottaa meihin yhteytt\u00e4, jos sinulla on kysytt\u00e4v\u00e4\u00e4 tai ongelmia.<\/span><\/p>\n\t\t\t\t\t\t\t\t<\/div>\n\t\t\t\t<\/div>\n\t\t\t\t\t<\/div>\n\t\t\t\t<\/div>\n\t\t\t\t<\/div>\n\t\t","protected":false},"excerpt":{"rendered":"<p>Leikkauksen j\u00e4lkeen Leikkauksen j\u00e4lkeen olet her\u00e4\u00e4m\u00f6ss\u00e4 1-2 tuntia. Yleisi\u00e4 leikkauksen j\u00e4lkeisi\u00e4 vaivoja ovat kipu, pahoinvointi, v\u00e4symys ja jano. Kivun voimakkuus riippuu leikkauksen monimutkaisuudesta, haavan koosta ja yksil\u00f6llisest\u00e4 kiputilasta. Sinun ei tarvitse k\u00e4rsi\u00e4 leikkauksen j\u00e4lkeisest\u00e4 kivusta. Voit vapaasti kertoa valituksistasi her\u00e4tyshoitajalle. H\u00e4n hoitaa sinua ja antaa sinulle tarvittaessa l\u00e4\u00e4kkeit\u00e4 kivun ja pahoinvoinnin lievitt\u00e4miseksi. Her\u00e4tysalueelta siirryt tavalliselle [&hellip;]<\/p>\n","protected":false},"author":2,"featured_media":0,"parent":0,"menu_order":0,"comment_status":"closed","ping_status":"closed","template":"","meta":{"_acf_changed":false,"footnotes":""},"class_list":["post-4453","page","type-page","status-publish","hentry"],"acf":[],"yoast_head":"<!-- This site is optimized with the Yoast SEO plugin v27.3 - https:\/\/yoast.com\/product\/yoast-seo-wordpress\/ -->\n<title>Leikkauksen j\u00e4lkeiset ohjeet - Amsel Clinic<\/title>\n<meta name=\"robots\" content=\"index, follow, max-snippet:-1, max-image-preview:large, max-video-preview:-1\" \/>\n<link rel=\"canonical\" href=\"https:\/\/amselclinic.eu\/fi\/postoperatiiviset-ohjeet\/\" \/>\n<meta property=\"og:locale\" content=\"fi_FI\" \/>\n<meta property=\"og:type\" content=\"article\" \/>\n<meta property=\"og:title\" content=\"Leikkauksen j\u00e4lkeiset ohjeet - Amsel Clinic\" \/>\n<meta property=\"og:description\" content=\"Leikkauksen j\u00e4lkeen Leikkauksen j\u00e4lkeen olet her\u00e4\u00e4m\u00f6ss\u00e4 1-2 tuntia. Yleisi\u00e4 leikkauksen j\u00e4lkeisi\u00e4 vaivoja ovat kipu, pahoinvointi, v\u00e4symys ja jano. Kivun voimakkuus riippuu leikkauksen monimutkaisuudesta, haavan koosta ja yksil\u00f6llisest\u00e4 kiputilasta. Sinun ei tarvitse k\u00e4rsi\u00e4 leikkauksen j\u00e4lkeisest\u00e4 kivusta. Voit vapaasti kertoa valituksistasi her\u00e4tyshoitajalle. H\u00e4n hoitaa sinua ja antaa sinulle tarvittaessa l\u00e4\u00e4kkeit\u00e4 kivun ja pahoinvoinnin lievitt\u00e4miseksi. Her\u00e4tysalueelta siirryt tavalliselle [&hellip;]\" \/>\n<meta property=\"og:url\" content=\"https:\/\/amselclinic.eu\/fi\/postoperatiiviset-ohjeet\/\" \/>\n<meta property=\"og:site_name\" content=\"Amsel Clinic\" \/>\n<meta property=\"article:modified_time\" content=\"2024-04-29T11:30:43+00:00\" \/>\n<meta property=\"og:image\" content=\"https:\/\/amselclinic.eu\/wp-content\/uploads\/23JJ0925_568-2.jpg\" \/>\n\t<meta property=\"og:image:width\" content=\"1440\" \/>\n\t<meta property=\"og:image:height\" content=\"854\" \/>\n\t<meta property=\"og:image:type\" content=\"image\/jpeg\" \/>\n<meta name=\"twitter:card\" content=\"summary_large_image\" \/>\n<meta name=\"twitter:label1\" content=\"Arvioitu lukuaika\" \/>\n\t<meta name=\"twitter:data1\" content=\"2 minuuttia\" \/>\n<script type=\"application\/ld+json\" class=\"yoast-schema-graph\">{\"@context\":\"https:\\\/\\\/schema.org\",\"@graph\":[{\"@type\":\"WebPage\",\"@id\":\"https:\\\/\\\/amselclinic.eu\\\/fi\\\/postoperatiiviset-ohjeet\\\/\",\"url\":\"https:\\\/\\\/amselclinic.eu\\\/fi\\\/postoperatiiviset-ohjeet\\\/\",\"name\":\"Leikkauksen j\u00e4lkeiset ohjeet - Amsel Clinic\",\"isPartOf\":{\"@id\":\"https:\\\/\\\/amselclinic.eu\\\/fi\\\/#website\"},\"datePublished\":\"2024-01-16T10:58:11+00:00\",\"dateModified\":\"2024-04-29T11:30:43+00:00\",\"breadcrumb\":{\"@id\":\"https:\\\/\\\/amselclinic.eu\\\/fi\\\/postoperatiiviset-ohjeet\\\/#breadcrumb\"},\"inLanguage\":\"fi\",\"potentialAction\":[{\"@type\":\"ReadAction\",\"target\":[\"https:\\\/\\\/amselclinic.eu\\\/fi\\\/postoperatiiviset-ohjeet\\\/\"]}]},{\"@type\":\"BreadcrumbList\",\"@id\":\"https:\\\/\\\/amselclinic.eu\\\/fi\\\/postoperatiiviset-ohjeet\\\/#breadcrumb\",\"itemListElement\":[{\"@type\":\"ListItem\",\"position\":1,\"name\":\"Kotisivu\",\"item\":\"https:\\\/\\\/amselclinic.eu\\\/fi\\\/kotisivu\\\/\"},{\"@type\":\"ListItem\",\"position\":2,\"name\":\"Leikkauksen j\u00e4lkeiset ohjeet\"}]},{\"@type\":\"WebSite\",\"@id\":\"https:\\\/\\\/amselclinic.eu\\\/fi\\\/#website\",\"url\":\"https:\\\/\\\/amselclinic.eu\\\/fi\\\/\",\"name\":\"Amsel Clinic\",\"description\":\"Alati meie patsientidele parim kaaslane teekonnal tervema ja enesekindlama elu poole!\",\"publisher\":{\"@id\":\"https:\\\/\\\/amselclinic.eu\\\/fi\\\/#organization\"},\"alternateName\":\"Amsel\",\"potentialAction\":[{\"@type\":\"SearchAction\",\"target\":{\"@type\":\"EntryPoint\",\"urlTemplate\":\"https:\\\/\\\/amselclinic.eu\\\/fi\\\/?s={search_term_string}\"},\"query-input\":{\"@type\":\"PropertyValueSpecification\",\"valueRequired\":true,\"valueName\":\"search_term_string\"}}],\"inLanguage\":\"fi\"},{\"@type\":\"Organization\",\"@id\":\"https:\\\/\\\/amselclinic.eu\\\/fi\\\/#organization\",\"name\":\"BARIATRIC SERVICES AS\",\"alternateName\":\"Amsel Clinic\",\"url\":\"https:\\\/\\\/amselclinic.eu\\\/fi\\\/\",\"logo\":{\"@type\":\"ImageObject\",\"inLanguage\":\"fi\",\"@id\":\"https:\\\/\\\/amselclinic.eu\\\/fi\\\/#\\\/schema\\\/logo\\\/image\\\/\",\"url\":\"https:\\\/\\\/amselclinic.eu\\\/wp-content\\\/uploads\\\/Amsel-logo-sinine.svg\",\"contentUrl\":\"https:\\\/\\\/amselclinic.eu\\\/wp-content\\\/uploads\\\/Amsel-logo-sinine.svg\",\"width\":673.55,\"height\":632.11,\"caption\":\"BARIATRIC SERVICES AS\"},\"image\":{\"@id\":\"https:\\\/\\\/amselclinic.eu\\\/fi\\\/#\\\/schema\\\/logo\\\/image\\\/\"}}]}<\/script>\n<!-- \/ Yoast SEO plugin. -->","yoast_head_json":{"title":"Leikkauksen j\u00e4lkeiset ohjeet - Amsel Clinic","robots":{"index":"index","follow":"follow","max-snippet":"max-snippet:-1","max-image-preview":"max-image-preview:large","max-video-preview":"max-video-preview:-1"},"canonical":"https:\/\/amselclinic.eu\/fi\/postoperatiiviset-ohjeet\/","og_locale":"fi_FI","og_type":"article","og_title":"Leikkauksen j\u00e4lkeiset ohjeet - Amsel Clinic","og_description":"Leikkauksen j\u00e4lkeen Leikkauksen j\u00e4lkeen olet her\u00e4\u00e4m\u00f6ss\u00e4 1-2 tuntia. Yleisi\u00e4 leikkauksen j\u00e4lkeisi\u00e4 vaivoja ovat kipu, pahoinvointi, v\u00e4symys ja jano. Kivun voimakkuus riippuu leikkauksen monimutkaisuudesta, haavan koosta ja yksil\u00f6llisest\u00e4 kiputilasta. Sinun ei tarvitse k\u00e4rsi\u00e4 leikkauksen j\u00e4lkeisest\u00e4 kivusta. Voit vapaasti kertoa valituksistasi her\u00e4tyshoitajalle. H\u00e4n hoitaa sinua ja antaa sinulle tarvittaessa l\u00e4\u00e4kkeit\u00e4 kivun ja pahoinvoinnin lievitt\u00e4miseksi. Her\u00e4tysalueelta siirryt tavalliselle [&hellip;]","og_url":"https:\/\/amselclinic.eu\/fi\/postoperatiiviset-ohjeet\/","og_site_name":"Amsel Clinic","article_modified_time":"2024-04-29T11:30:43+00:00","og_image":[{"width":1440,"height":854,"url":"https:\/\/amselclinic.eu\/wp-content\/uploads\/23JJ0925_568-2.jpg","type":"image\/jpeg"}],"twitter_card":"summary_large_image","twitter_misc":{"Arvioitu lukuaika":"2 minuuttia"},"schema":{"@context":"https:\/\/schema.org","@graph":[{"@type":"WebPage","@id":"https:\/\/amselclinic.eu\/fi\/postoperatiiviset-ohjeet\/","url":"https:\/\/amselclinic.eu\/fi\/postoperatiiviset-ohjeet\/","name":"Leikkauksen j\u00e4lkeiset ohjeet - Amsel Clinic","isPartOf":{"@id":"https:\/\/amselclinic.eu\/fi\/#website"},"datePublished":"2024-01-16T10:58:11+00:00","dateModified":"2024-04-29T11:30:43+00:00","breadcrumb":{"@id":"https:\/\/amselclinic.eu\/fi\/postoperatiiviset-ohjeet\/#breadcrumb"},"inLanguage":"fi","potentialAction":[{"@type":"ReadAction","target":["https:\/\/amselclinic.eu\/fi\/postoperatiiviset-ohjeet\/"]}]},{"@type":"BreadcrumbList","@id":"https:\/\/amselclinic.eu\/fi\/postoperatiiviset-ohjeet\/#breadcrumb","itemListElement":[{"@type":"ListItem","position":1,"name":"Kotisivu","item":"https:\/\/amselclinic.eu\/fi\/kotisivu\/"},{"@type":"ListItem","position":2,"name":"Leikkauksen j\u00e4lkeiset ohjeet"}]},{"@type":"WebSite","@id":"https:\/\/amselclinic.eu\/fi\/#website","url":"https:\/\/amselclinic.eu\/fi\/","name":"Amsel Clinic","description":"Alati meie patsientidele parim kaaslane teekonnal tervema ja enesekindlama elu poole!","publisher":{"@id":"https:\/\/amselclinic.eu\/fi\/#organization"},"alternateName":"Amsel","potentialAction":[{"@type":"SearchAction","target":{"@type":"EntryPoint","urlTemplate":"https:\/\/amselclinic.eu\/fi\/?s={search_term_string}"},"query-input":{"@type":"PropertyValueSpecification","valueRequired":true,"valueName":"search_term_string"}}],"inLanguage":"fi"},{"@type":"Organization","@id":"https:\/\/amselclinic.eu\/fi\/#organization","name":"BARIATRIC SERVICES AS","alternateName":"Amsel Clinic","url":"https:\/\/amselclinic.eu\/fi\/","logo":{"@type":"ImageObject","inLanguage":"fi","@id":"https:\/\/amselclinic.eu\/fi\/#\/schema\/logo\/image\/","url":"https:\/\/amselclinic.eu\/wp-content\/uploads\/Amsel-logo-sinine.svg","contentUrl":"https:\/\/amselclinic.eu\/wp-content\/uploads\/Amsel-logo-sinine.svg","width":673.55,"height":632.11,"caption":"BARIATRIC SERVICES AS"},"image":{"@id":"https:\/\/amselclinic.eu\/fi\/#\/schema\/logo\/image\/"}}]}},"_links":{"self":[{"href":"https:\/\/amselclinic.eu\/fi\/wp-json\/wp\/v2\/pages\/4453","targetHints":{"allow":["GET"]}}],"collection":[{"href":"https:\/\/amselclinic.eu\/fi\/wp-json\/wp\/v2\/pages"}],"about":[{"href":"https:\/\/amselclinic.eu\/fi\/wp-json\/wp\/v2\/types\/page"}],"author":[{"embeddable":true,"href":"https:\/\/amselclinic.eu\/fi\/wp-json\/wp\/v2\/users\/2"}],"replies":[{"embeddable":true,"href":"https:\/\/amselclinic.eu\/fi\/wp-json\/wp\/v2\/comments?post=4453"}],"version-history":[{"count":4,"href":"https:\/\/amselclinic.eu\/fi\/wp-json\/wp\/v2\/pages\/4453\/revisions"}],"predecessor-version":[{"id":4495,"href":"https:\/\/amselclinic.eu\/fi\/wp-json\/wp\/v2\/pages\/4453\/revisions\/4495"}],"wp:attachment":[{"href":"https:\/\/amselclinic.eu\/fi\/wp-json\/wp\/v2\/media?parent=4453"}],"curies":[{"name":"wp","href":"https:\/\/api.w.org\/{rel}","templated":true}]}}