{"id":4447,"date":"2024-01-15T20:50:18","date_gmt":"2024-01-15T18:50:18","guid":{"rendered":"https:\/\/amselclinic.eu\/leikkaukseen-valmistautuminen\/"},"modified":"2024-04-29T12:13:23","modified_gmt":"2024-04-29T09:13:23","slug":"leikkaukseen-valmistautuminen","status":"publish","type":"page","link":"https:\/\/amselclinic.eu\/fi\/leikkaukseen-valmistautuminen\/","title":{"rendered":"Leikkaukseen valmistautuminen"},"content":{"rendered":"\t\t<div data-elementor-type=\"wp-page\" data-elementor-id=\"4447\" class=\"elementor elementor-4447 elementor-1610\" data-elementor-post-type=\"page\">\n\t\t\t\t<div class=\"elementor-element elementor-element-46d19f4 e-flex e-con-boxed e-con e-parent\" data-id=\"46d19f4\" data-element_type=\"container\" data-e-type=\"container\" data-settings=\"{&quot;jet_parallax_layout_list&quot;:[]}\">\n\t\t\t\t\t<div class=\"e-con-inner\">\n\t\t\t\t<div class=\"elementor-element elementor-element-e7bc926 elementor-widget elementor-widget-text-editor\" data-id=\"e7bc926\" data-element_type=\"widget\" data-e-type=\"widget\" data-widget_type=\"text-editor.default\">\n\t\t\t\t<div class=\"elementor-widget-container\">\n\t\t\t\t\t\t\t\t\t<p><b>Leikkaukseen valmistautuminen on t\u00e4rke\u00e4 osa hoitoa. Leikkausta edelt\u00e4vien ohjeiden noudattaminen auttaa sinua toipumaan leikkauksesta nopeammin ja v\u00e4hent\u00e4\u00e4 komplikaatioiden riski\u00e4. Seuraavassa on joitakin yleisi\u00e4 ohjeita. Kirurgi antaa tarvittaessa lis\u00e4ohjeita.<\/b><\/p>\n<ol>\n<li><span style=\"font-weight: 400;\">Leikkaukseen tullessasi ei saa olla akuuttia virustautia, aktiivista tulehdusta, akuuttia allergista reaktiota, kuumetta jne. Kerro kirurgille mahdollisista liit\u00e4nn\u00e4issairauksista ja muista terveystiedoista leikkausta edelt\u00e4v\u00e4ss\u00e4 konsultaatiossa. Ilmoita klinikalle v\u00e4litt\u00f6m\u00e4sti kaikista uusista terveysongelmista, jotka ilmenev\u00e4t leikkausta odottaessasi.<\/span><\/li>\n<li><span style=\"font-weight: 400;\">Yksi turvallisen yleisanestesian edellytyksist\u00e4 on tyhj\u00e4 vatsa. T\u00e4st\u00e4 syyst\u00e4 sinun ei pid\u00e4 sy\u00f6d\u00e4 kiinte\u00e4\u00e4 ruokaa tai juoda l\u00e4pin\u00e4kym\u00e4tt\u00f6mi\u00e4 nesteit\u00e4 (maitoa, mehua) 6 tuntia ennen leikkausta. Kirkkaita nesteit\u00e4, kuten vett\u00e4, mustaa kahvia, teet\u00e4 tai omenamehua, voi juoda enint\u00e4\u00e4n 2 tuntia ennen leikkausta.  <\/span><\/li>\n<li><span style=\"font-weight: 400;\">Ota m\u00e4\u00e4r\u00e4tyt l\u00e4\u00e4kkeet s\u00e4\u00e4nn\u00f6llisesti leikkausp\u00e4iv\u00e4\u00e4n asti, ellei sinua konsultoinut l\u00e4\u00e4k\u00e4ri toisin kehota. Voit ottaa l\u00e4\u00e4kkeesi v\u00e4hint\u00e4\u00e4n 2 tuntia ennen leikkausta pienen kulauksen vett\u00e4 kera.<\/span><\/li>\n<li><span style=\"font-weight: 400;\">Vie l\u00e4\u00e4kkeesi sairaalaan.<\/span><\/li>\n<li><span style=\"font-weight: 400;\">Verenohennusl\u00e4\u00e4kkeet (mukaan lukien aspiriini) on lopetettava hyviss\u00e4 ajoin ennen leikkausta (yleens\u00e4 2-5 p\u00e4iv\u00e4\u00e4 hoidosta riippuen), koska ne lis\u00e4\u00e4v\u00e4t verenvuotoriski\u00e4. Suun kautta otettavat valmisteet voidaan tarvittaessa korvata injektoitavilla valmisteilla kirurgin harkinnan mukaan. Muista kertoa kirurgillesi kaikista k\u00e4ytt\u00e4mist\u00e4si l\u00e4\u00e4kkeist\u00e4!<\/span><\/li>\n<li><span style=\"font-weight: 400;\">Tupakointi heikent\u00e4\u00e4 haavan paranemista ja lis\u00e4\u00e4 verenvuotoriski\u00e4. Suosittelemme, ett\u00e4 lopetat tupakoinnin hyviss\u00e4 ajoin ennen leikkausta. \u00c4l\u00e4 tupakoi leikkausp\u00e4iv\u00e4n\u00e4.<\/span><\/li>\n<li><span style=\"font-weight: 400;\">Suosittelemme, ett\u00e4 verikokeet otetaan 1-2 viikkoa ennen leikkausta, jotta arviointia ja tarvittaessa jatkokokeiden tai hoidon suunnittelua voidaan tehd\u00e4.<\/span><\/li>\n<li><span style=\"font-weight: 400;\">Jos sinulla on ollut ep\u00e4miellytt\u00e4vi\u00e4 kokemuksia aiemmasta anestesiasta (esim. vaikea pahoinvointi ja oksentelu), kerro siit\u00e4 kirurgille ja anestesial\u00e4\u00e4k\u00e4rille ennen leikkausta.<\/span><\/li>\n<li><span style=\"font-weight: 400;\">Ajaminen on kielletty 24 tunnin ajan nukutuksen j\u00e4lkeen. Pyyd\u00e4 tarvittaessa perheenj\u00e4sent\u00e4 tai tuttavaa kuljettamaan sinut kotiin tai k\u00e4yt\u00e4 julkista liikennett\u00e4.<\/span><\/li>\n<li><span style=\"font-weight: 400;\">Hedelm\u00e4llisess\u00e4 i\u00e4ss\u00e4 olevia naispotilaita pyydet\u00e4\u00e4n varmistamaan, ett\u00e4 he eiv\u00e4t ole raskaana leikkausp\u00e4iv\u00e4n\u00e4. Tarvittaessa suosittelemme, ett\u00e4 teet raskaustestin kotona ennen sairaalaan tuloa.<\/span><\/li>\n<li><span style=\"font-weight: 400;\">Yleisanestesiassa ennen leikkausta pyyd\u00e4mme sinua poistamaan korut: korvakorut, sormukset ja erilaiset nastat. Suosittelemme, ett\u00e4 j\u00e4t\u00e4t korut ja arvoesineet kotiin. Jos jalokive\u00e4 ei voida poistaa, leikkausta ei peruta, mutta muista kertoa siit\u00e4 kirurgillesi. Poista my\u00f6s l\u00f6ys\u00e4t hammasproteesit.<\/span><\/li>\n<li><span style=\"font-weight: 400;\">Ota mukaan omat henkil\u00f6kohtaiset hygieniav\u00e4lineet. Suosittelemme, ett\u00e4 otat mukavat vaatteet mukaan matkaa varten.<\/span><\/li>\n<li><span style=\"font-weight: 400;\">K\u00e4y suihkussa leikkauksen aamuna<\/span><\/li>\n<li><span style=\"font-weight: 400;\">\u00c4l\u00e4 k\u00e4yt\u00e4 leikkausp\u00e4iv\u00e4n\u00e4 meikki\u00e4, hajuvett\u00e4 tai voiteita.<\/span><\/li>\n<li><span style=\"font-weight: 400;\">Kiinnit\u00e4 l\u00f6ys\u00e4t hiukset hiuslenkill\u00e4.<\/span><\/li>\n<\/ol>\n<ol start=\"16\">\n<li><span style=\"font-weight: 400;\">Poista silm\u00e4lasit ja piilolinssit ennen leikkaussaliin menoa.<\/span><\/li>\n<li><span style=\"font-weight: 400;\">Jos k\u00e4yt\u00e4t CPAP-maskia uniapnean hoitoon, ota se mukaan sairaalaan.<\/span><\/li>\n<\/ol>\n\t\t\t\t\t\t\t\t<\/div>\n\t\t\t\t<\/div>\n\t\t\t\t\t<\/div>\n\t\t\t\t<\/div>\n\t\t\t\t<\/div>\n\t\t","protected":false},"excerpt":{"rendered":"<p>Leikkaukseen valmistautuminen on t\u00e4rke\u00e4 osa hoitoa. Leikkausta edelt\u00e4vien ohjeiden noudattaminen auttaa sinua toipumaan leikkauksesta nopeammin ja v\u00e4hent\u00e4\u00e4 komplikaatioiden riski\u00e4. Seuraavassa on joitakin yleisi\u00e4 ohjeita. Kirurgi antaa tarvittaessa lis\u00e4ohjeita. Leikkaukseen tullessasi ei saa olla akuuttia virustautia, aktiivista tulehdusta, akuuttia allergista reaktiota, kuumetta jne. Kerro kirurgille mahdollisista liit\u00e4nn\u00e4issairauksista ja muista terveystiedoista leikkausta edelt\u00e4v\u00e4ss\u00e4 konsultaatiossa. Ilmoita klinikalle v\u00e4litt\u00f6m\u00e4sti [&hellip;]<\/p>\n","protected":false},"author":2,"featured_media":0,"parent":0,"menu_order":0,"comment_status":"closed","ping_status":"closed","template":"","meta":{"_acf_changed":false,"footnotes":""},"class_list":["post-4447","page","type-page","status-publish","hentry"],"acf":[],"yoast_head":"<!-- This site is optimized with the Yoast SEO plugin v27.3 - https:\/\/yoast.com\/product\/yoast-seo-wordpress\/ -->\n<title>Leikkaukseen valmistautuminen - Amsel Clinic<\/title>\n<meta name=\"robots\" content=\"index, follow, max-snippet:-1, max-image-preview:large, max-video-preview:-1\" \/>\n<link rel=\"canonical\" href=\"https:\/\/amselclinic.eu\/fi\/leikkaukseen-valmistautuminen\/\" \/>\n<meta property=\"og:locale\" content=\"fi_FI\" \/>\n<meta property=\"og:type\" content=\"article\" \/>\n<meta property=\"og:title\" content=\"Leikkaukseen valmistautuminen - Amsel Clinic\" \/>\n<meta property=\"og:description\" content=\"Leikkaukseen valmistautuminen on t\u00e4rke\u00e4 osa hoitoa. Leikkausta edelt\u00e4vien ohjeiden noudattaminen auttaa sinua toipumaan leikkauksesta nopeammin ja v\u00e4hent\u00e4\u00e4 komplikaatioiden riski\u00e4. Seuraavassa on joitakin yleisi\u00e4 ohjeita. Kirurgi antaa tarvittaessa lis\u00e4ohjeita. Leikkaukseen tullessasi ei saa olla akuuttia virustautia, aktiivista tulehdusta, akuuttia allergista reaktiota, kuumetta jne. Kerro kirurgille mahdollisista liit\u00e4nn\u00e4issairauksista ja muista terveystiedoista leikkausta edelt\u00e4v\u00e4ss\u00e4 konsultaatiossa. Ilmoita klinikalle v\u00e4litt\u00f6m\u00e4sti [&hellip;]\" \/>\n<meta property=\"og:url\" content=\"https:\/\/amselclinic.eu\/fi\/leikkaukseen-valmistautuminen\/\" \/>\n<meta property=\"og:site_name\" content=\"Amsel Clinic\" \/>\n<meta property=\"article:modified_time\" content=\"2024-04-29T09:13:23+00:00\" \/>\n<meta property=\"og:image\" content=\"https:\/\/amselclinic.eu\/wp-content\/uploads\/23JJ0925_568-2.jpg\" \/>\n\t<meta property=\"og:image:width\" content=\"1440\" \/>\n\t<meta property=\"og:image:height\" content=\"854\" \/>\n\t<meta property=\"og:image:type\" content=\"image\/jpeg\" \/>\n<meta name=\"twitter:card\" content=\"summary_large_image\" \/>\n<meta name=\"twitter:label1\" content=\"Arvioitu lukuaika\" \/>\n\t<meta name=\"twitter:data1\" content=\"2 minuuttia\" \/>\n<script type=\"application\/ld+json\" class=\"yoast-schema-graph\">{\"@context\":\"https:\\\/\\\/schema.org\",\"@graph\":[{\"@type\":\"WebPage\",\"@id\":\"https:\\\/\\\/amselclinic.eu\\\/fi\\\/leikkaukseen-valmistautuminen\\\/\",\"url\":\"https:\\\/\\\/amselclinic.eu\\\/fi\\\/leikkaukseen-valmistautuminen\\\/\",\"name\":\"Leikkaukseen valmistautuminen - Amsel Clinic\",\"isPartOf\":{\"@id\":\"https:\\\/\\\/amselclinic.eu\\\/fi\\\/#website\"},\"datePublished\":\"2024-01-15T18:50:18+00:00\",\"dateModified\":\"2024-04-29T09:13:23+00:00\",\"breadcrumb\":{\"@id\":\"https:\\\/\\\/amselclinic.eu\\\/fi\\\/leikkaukseen-valmistautuminen\\\/#breadcrumb\"},\"inLanguage\":\"fi\",\"potentialAction\":[{\"@type\":\"ReadAction\",\"target\":[\"https:\\\/\\\/amselclinic.eu\\\/fi\\\/leikkaukseen-valmistautuminen\\\/\"]}]},{\"@type\":\"BreadcrumbList\",\"@id\":\"https:\\\/\\\/amselclinic.eu\\\/fi\\\/leikkaukseen-valmistautuminen\\\/#breadcrumb\",\"itemListElement\":[{\"@type\":\"ListItem\",\"position\":1,\"name\":\"Kotisivu\",\"item\":\"https:\\\/\\\/amselclinic.eu\\\/fi\\\/kotisivu\\\/\"},{\"@type\":\"ListItem\",\"position\":2,\"name\":\"Leikkaukseen valmistautuminen\"}]},{\"@type\":\"WebSite\",\"@id\":\"https:\\\/\\\/amselclinic.eu\\\/fi\\\/#website\",\"url\":\"https:\\\/\\\/amselclinic.eu\\\/fi\\\/\",\"name\":\"Amsel Clinic\",\"description\":\"Alati meie patsientidele parim kaaslane teekonnal tervema ja enesekindlama elu poole!\",\"publisher\":{\"@id\":\"https:\\\/\\\/amselclinic.eu\\\/fi\\\/#organization\"},\"alternateName\":\"Amsel\",\"potentialAction\":[{\"@type\":\"SearchAction\",\"target\":{\"@type\":\"EntryPoint\",\"urlTemplate\":\"https:\\\/\\\/amselclinic.eu\\\/fi\\\/?s={search_term_string}\"},\"query-input\":{\"@type\":\"PropertyValueSpecification\",\"valueRequired\":true,\"valueName\":\"search_term_string\"}}],\"inLanguage\":\"fi\"},{\"@type\":\"Organization\",\"@id\":\"https:\\\/\\\/amselclinic.eu\\\/fi\\\/#organization\",\"name\":\"BARIATRIC SERVICES AS\",\"alternateName\":\"Amsel Clinic\",\"url\":\"https:\\\/\\\/amselclinic.eu\\\/fi\\\/\",\"logo\":{\"@type\":\"ImageObject\",\"inLanguage\":\"fi\",\"@id\":\"https:\\\/\\\/amselclinic.eu\\\/fi\\\/#\\\/schema\\\/logo\\\/image\\\/\",\"url\":\"https:\\\/\\\/amselclinic.eu\\\/wp-content\\\/uploads\\\/Amsel-logo-sinine.svg\",\"contentUrl\":\"https:\\\/\\\/amselclinic.eu\\\/wp-content\\\/uploads\\\/Amsel-logo-sinine.svg\",\"width\":673.55,\"height\":632.11,\"caption\":\"BARIATRIC SERVICES AS\"},\"image\":{\"@id\":\"https:\\\/\\\/amselclinic.eu\\\/fi\\\/#\\\/schema\\\/logo\\\/image\\\/\"}}]}<\/script>\n<!-- \/ Yoast SEO plugin. -->","yoast_head_json":{"title":"Leikkaukseen valmistautuminen - Amsel Clinic","robots":{"index":"index","follow":"follow","max-snippet":"max-snippet:-1","max-image-preview":"max-image-preview:large","max-video-preview":"max-video-preview:-1"},"canonical":"https:\/\/amselclinic.eu\/fi\/leikkaukseen-valmistautuminen\/","og_locale":"fi_FI","og_type":"article","og_title":"Leikkaukseen valmistautuminen - Amsel Clinic","og_description":"Leikkaukseen valmistautuminen on t\u00e4rke\u00e4 osa hoitoa. Leikkausta edelt\u00e4vien ohjeiden noudattaminen auttaa sinua toipumaan leikkauksesta nopeammin ja v\u00e4hent\u00e4\u00e4 komplikaatioiden riski\u00e4. Seuraavassa on joitakin yleisi\u00e4 ohjeita. Kirurgi antaa tarvittaessa lis\u00e4ohjeita. Leikkaukseen tullessasi ei saa olla akuuttia virustautia, aktiivista tulehdusta, akuuttia allergista reaktiota, kuumetta jne. Kerro kirurgille mahdollisista liit\u00e4nn\u00e4issairauksista ja muista terveystiedoista leikkausta edelt\u00e4v\u00e4ss\u00e4 konsultaatiossa. Ilmoita klinikalle v\u00e4litt\u00f6m\u00e4sti [&hellip;]","og_url":"https:\/\/amselclinic.eu\/fi\/leikkaukseen-valmistautuminen\/","og_site_name":"Amsel Clinic","article_modified_time":"2024-04-29T09:13:23+00:00","og_image":[{"width":1440,"height":854,"url":"https:\/\/amselclinic.eu\/wp-content\/uploads\/23JJ0925_568-2.jpg","type":"image\/jpeg"}],"twitter_card":"summary_large_image","twitter_misc":{"Arvioitu lukuaika":"2 minuuttia"},"schema":{"@context":"https:\/\/schema.org","@graph":[{"@type":"WebPage","@id":"https:\/\/amselclinic.eu\/fi\/leikkaukseen-valmistautuminen\/","url":"https:\/\/amselclinic.eu\/fi\/leikkaukseen-valmistautuminen\/","name":"Leikkaukseen valmistautuminen - Amsel Clinic","isPartOf":{"@id":"https:\/\/amselclinic.eu\/fi\/#website"},"datePublished":"2024-01-15T18:50:18+00:00","dateModified":"2024-04-29T09:13:23+00:00","breadcrumb":{"@id":"https:\/\/amselclinic.eu\/fi\/leikkaukseen-valmistautuminen\/#breadcrumb"},"inLanguage":"fi","potentialAction":[{"@type":"ReadAction","target":["https:\/\/amselclinic.eu\/fi\/leikkaukseen-valmistautuminen\/"]}]},{"@type":"BreadcrumbList","@id":"https:\/\/amselclinic.eu\/fi\/leikkaukseen-valmistautuminen\/#breadcrumb","itemListElement":[{"@type":"ListItem","position":1,"name":"Kotisivu","item":"https:\/\/amselclinic.eu\/fi\/kotisivu\/"},{"@type":"ListItem","position":2,"name":"Leikkaukseen valmistautuminen"}]},{"@type":"WebSite","@id":"https:\/\/amselclinic.eu\/fi\/#website","url":"https:\/\/amselclinic.eu\/fi\/","name":"Amsel Clinic","description":"Alati meie patsientidele parim kaaslane teekonnal tervema ja enesekindlama elu poole!","publisher":{"@id":"https:\/\/amselclinic.eu\/fi\/#organization"},"alternateName":"Amsel","potentialAction":[{"@type":"SearchAction","target":{"@type":"EntryPoint","urlTemplate":"https:\/\/amselclinic.eu\/fi\/?s={search_term_string}"},"query-input":{"@type":"PropertyValueSpecification","valueRequired":true,"valueName":"search_term_string"}}],"inLanguage":"fi"},{"@type":"Organization","@id":"https:\/\/amselclinic.eu\/fi\/#organization","name":"BARIATRIC SERVICES AS","alternateName":"Amsel Clinic","url":"https:\/\/amselclinic.eu\/fi\/","logo":{"@type":"ImageObject","inLanguage":"fi","@id":"https:\/\/amselclinic.eu\/fi\/#\/schema\/logo\/image\/","url":"https:\/\/amselclinic.eu\/wp-content\/uploads\/Amsel-logo-sinine.svg","contentUrl":"https:\/\/amselclinic.eu\/wp-content\/uploads\/Amsel-logo-sinine.svg","width":673.55,"height":632.11,"caption":"BARIATRIC SERVICES AS"},"image":{"@id":"https:\/\/amselclinic.eu\/fi\/#\/schema\/logo\/image\/"}}]}},"_links":{"self":[{"href":"https:\/\/amselclinic.eu\/fi\/wp-json\/wp\/v2\/pages\/4447","targetHints":{"allow":["GET"]}}],"collection":[{"href":"https:\/\/amselclinic.eu\/fi\/wp-json\/wp\/v2\/pages"}],"about":[{"href":"https:\/\/amselclinic.eu\/fi\/wp-json\/wp\/v2\/types\/page"}],"author":[{"embeddable":true,"href":"https:\/\/amselclinic.eu\/fi\/wp-json\/wp\/v2\/users\/2"}],"replies":[{"embeddable":true,"href":"https:\/\/amselclinic.eu\/fi\/wp-json\/wp\/v2\/comments?post=4447"}],"version-history":[{"count":2,"href":"https:\/\/amselclinic.eu\/fi\/wp-json\/wp\/v2\/pages\/4447\/revisions"}],"predecessor-version":[{"id":4450,"href":"https:\/\/amselclinic.eu\/fi\/wp-json\/wp\/v2\/pages\/4447\/revisions\/4450"}],"wp:attachment":[{"href":"https:\/\/amselclinic.eu\/fi\/wp-json\/wp\/v2\/media?parent=4447"}],"curies":[{"name":"wp","href":"https:\/\/api.w.org\/{rel}","templated":true}]}}