{"id":4441,"date":"2024-01-15T20:46:35","date_gmt":"2024-01-15T18:46:35","guid":{"rendered":"https:\/\/amselclinic.eu\/operaatio-haavanhoito\/"},"modified":"2025-01-28T15:45:02","modified_gmt":"2025-01-28T13:45:02","slug":"kirurginen-haavanhoito","status":"publish","type":"page","link":"https:\/\/amselclinic.eu\/fi\/kirurginen-haavanhoito\/","title":{"rendered":"Kirurginen haavanhoito"},"content":{"rendered":"\t\t<div data-elementor-type=\"wp-page\" data-elementor-id=\"4441\" class=\"elementor elementor-4441 elementor-1601\" data-elementor-post-type=\"page\">\n\t\t\t\t<div class=\"elementor-element elementor-element-46d19f4 e-flex e-con-boxed e-con e-parent\" data-id=\"46d19f4\" data-element_type=\"container\" data-e-type=\"container\" data-settings=\"{&quot;jet_parallax_layout_list&quot;:[]}\">\n\t\t\t\t\t<div class=\"e-con-inner\">\n\t\t\t\t<div class=\"elementor-element elementor-element-e7bc926 elementor-widget elementor-widget-text-editor\" data-id=\"e7bc926\" data-element_type=\"widget\" data-e-type=\"widget\" data-widget_type=\"text-editor.default\">\n\t\t\t\t<div class=\"elementor-widget-container\">\n\t\t\t\t\t\t\t\t\t<h4>Yleiset ohjeet kirurgiseen haavan hoitoon<\/h4><p>Leikkauksen aikana syntyy leikkaushaava. Haava suljetaan ompeleilla leikkauksen aikana<br \/>p\u00e4\u00e4ttyy ja katsotaan suljetuksi ulkopuolelta 24\u201348 tunnin kuluttua.<\/p><p>Haavan laastari on vaihdettava, jos laastarin l\u00e4pi on imeytynyt verta tai eritteit\u00e4 tai jos laastari on likaantunut tai kastunut esimerkiksi pesun j\u00e4lkeen.<\/p><h4>Haavojen hoito ja hygienia<\/h4><p>Puhtaus on t\u00e4rke\u00e4\u00e4 haavan hoidossa. Pese aina k\u00e4tesi ennen haavan k\u00e4sittely\u00e4, k\u00e4yt\u00e4 k\u00e4sien antiseptist\u00e4 ainetta, jos mahdollista.<\/p><ul><li>Ensimm\u00e4inen haavahoito ja haavalaastarin vaihto tehd\u00e4\u00e4n sairaalassa leikkauksen j\u00e4lkeisen\u00e4 p\u00e4iv\u00e4n\u00e4.<\/li><li>Kotona haava puhdistetaan pesem\u00e4ll\u00e4 juoksevalla vedell\u00e4 tai huuhtelemalla haavahuuhtelulla.<\/li><li>Voit k\u00e4yd\u00e4 suihkussa 24 tuntia leikkauksen j\u00e4lkeen. Jos haavassa on Steri-Strip haavateippej\u00e4, niin<br \/>heid\u00e4n kanssaan. Steri-nauhateippej\u00e4 ei tarvitse poistaa tai vaihtaa suihkussa pesemisen yhteydess\u00e4.<\/li><li>Kostuta laastari ja poista se ennen suihkussa k\u00e4ynti\u00e4.<\/li><li>Pesun j\u00e4lkeen taputtele haava kevyesti kuivaksi puhtaalla pyyhkeell\u00e4.<br \/>Jos haavaa ei ole mahdollista pest\u00e4, puhdista se huuhtelemalla haavahuuhtelulla<br \/>(mieluiten steriilill\u00e4 0,9 % NaCl-liuoksella huoneenl\u00e4mp\u00f6tilassa, saatavilla apteekista).<\/li><li>Aseta uusi steriili haavalaastari haavalle niin, ett\u00e4 liimaosa tarttuu koskemattomaan ihoon. Varmista, ett\u00e4 (side) side tai haavatyyny on tiukasti haavassa. Suosittelemme haavaa side enint\u00e4\u00e4n 3 p\u00e4iv\u00e4\u00e4 leikkauksen j\u00e4lkeen. Haava on silloin<br \/>hermeettisesti suljettu ja ompeleet pit\u00e4v\u00e4t haavan reunat yhdess\u00e4 lopulliseen paranemiseen asti.<\/li><li>Vaihda Steri-Strip haavateipit tarvittaessa (suosittelemme haavateippej\u00e4 plastiikkakirurgiapotilaille k\u00e4yt\u00e4 2-4 viikkoa).<\/li><li>V\u00e4lt\u00e4 haavan hankaamista ja murskaamista.<\/li><li>Tupakointi hidastaa haavan paranemista.<\/li><li>Saunaan, kylpyyn ja uimaan voi menn\u00e4 2-3 viikon kuluttua.<\/li><li>Haavan parantumisen ja ompeleiden sulamisen j\u00e4lkeen viiltokohtaan muodostuu arpi. Arpi<br \/>pehmennykseen voit k\u00e4ytt\u00e4\u00e4 apteekeista saatavaa silikonilaastaria tai silikonigeeli\u00e4<br \/>tiskin yli. Silikonituotteiden vaikutus ilmenee pitk\u00e4aikaisessa k\u00e4yt\u00f6ss\u00e4 (4-6 kuukautta).<\/li><li>Suosittelemme suojaamaan arpia UV-s\u00e4teilylt\u00e4 12 kuukauden ajan, jotta arpi ei ik\u00e4\u00e4ntyisi<br \/>hyperpigmentaatio.<\/li><\/ul><p><strong>HUOM! Ompeleita ei tarvitse poistaa, koska ompeleet tehd\u00e4\u00e4n itsest\u00e4\u00e4n liukenevalla langalla.<\/strong><\/p><h4>Leikkaushaavan tulehduksen merkkej\u00e4<\/h4><p>Haavan turvotus ja punoitus h\u00e4vi\u00e4v\u00e4t yleens\u00e4 3-4 p\u00e4iv\u00e4\u00e4 leikkauksen j\u00e4lkeen. Ole valppaana mahdollisen suhteen<br \/>haavainfektion kehittymisest\u00e4 ja jos seuraavia oireita ilmenee, ota v\u00e4litt\u00f6m\u00e4sti yhteytt\u00e4 Amseliin<br \/>Klinikan kanssa:<\/p><ul><li>yleinen heikkous ja huonovointisuus;<br \/>kuume \u02c3 37,5C;<\/li><li>runsas haavavuoto;<\/li><li>\u00e4killinen verenvuoto haavasta;<\/li><li>pidennetty paranemisaika;<\/li><li>turvonnut, punainen ja kivulias haava-alue;<\/li><li>m\u00e4rkiv\u00e4 vuoto haavasta.<\/li><\/ul><p>Ota yhteytt\u00e4: Amsel Clinic<\/p><p>+372 51912119 (sairaanhoitajaposti)<\/p><p>+372 53032440<\/p>\t\t\t\t\t\t\t\t<\/div>\n\t\t\t\t<\/div>\n\t\t\t\t<div class=\"elementor-element elementor-element-8f92e75 elementor-align-left elementor-widget elementor-widget-button\" data-id=\"8f92e75\" data-element_type=\"widget\" data-e-type=\"widget\" data-widget_type=\"button.default\">\n\t\t\t\t<div class=\"elementor-widget-container\">\n\t\t\t\t\t\t\t\t\t<div class=\"elementor-button-wrapper\">\n\t\t\t\t\t<a class=\"elementor-button elementor-button-link elementor-size-sm\" href=\"https:\/\/amselclinic.eu\/wp-content\/uploads\/Operatsioonihaava-hooldus_01.2024.docx\">\n\t\t\t\t\t\t<span class=\"elementor-button-content-wrapper\">\n\t\t\t\t\t\t<span class=\"elementor-button-icon\">\n\t\t\t\t<svg aria-hidden=\"true\" class=\"e-font-icon-svg e-fas-arrow-alt-circle-down\" viewBox=\"0 0 512 512\" xmlns=\"http:\/\/www.w3.org\/2000\/svg\"><path d=\"M504 256c0 137-111 248-248 248S8 393 8 256 119 8 256 8s248 111 248 248zM212 140v116h-70.9c-10.7 0-16.1 13-8.5 20.5l114.9 114.3c4.7 4.7 12.2 4.7 16.9 0l114.9-114.3c7.6-7.6 2.2-20.5-8.5-20.5H300V140c0-6.6-5.4-12-12-12h-64c-6.6 0-12 5.4-12 12z\"><\/path><\/svg>\t\t\t<\/span>\n\t\t\t\t\t\t\t\t\t<span class=\"elementor-button-text\">Lataa haavanhoito-opas<\/span>\n\t\t\t\t\t<\/span>\n\t\t\t\t\t<\/a>\n\t\t\t\t<\/div>\n\t\t\t\t\t\t\t\t<\/div>\n\t\t\t\t<\/div>\n\t\t\t\t\t<\/div>\n\t\t\t\t<\/div>\n\t\t\t\t<\/div>\n\t\t","protected":false},"excerpt":{"rendered":"<p>Yleiset ohjeet kirurgiseen haavan hoitoon Leikkauksen aikana syntyy leikkaushaava. Haava suljetaan ompeleilla leikkauksen aikanap\u00e4\u00e4ttyy ja katsotaan suljetuksi ulkopuolelta 24\u201348 tunnin kuluttua. Haavan laastari on vaihdettava, jos laastarin l\u00e4pi on imeytynyt verta tai eritteit\u00e4 tai jos laastari on likaantunut tai kastunut esimerkiksi pesun j\u00e4lkeen. Haavojen hoito ja hygienia Puhtaus on t\u00e4rke\u00e4\u00e4 haavan hoidossa. Pese aina k\u00e4tesi [&hellip;]<\/p>\n","protected":false},"author":2,"featured_media":0,"parent":0,"menu_order":0,"comment_status":"closed","ping_status":"closed","template":"","meta":{"_acf_changed":false,"footnotes":""},"class_list":["post-4441","page","type-page","status-publish","hentry"],"acf":[],"yoast_head":"<!-- This site is optimized with the Yoast SEO plugin v27.3 - https:\/\/yoast.com\/product\/yoast-seo-wordpress\/ -->\n<title>Kirurginen haavanhoito - Amsel Clinic<\/title>\n<meta name=\"robots\" content=\"index, follow, max-snippet:-1, max-image-preview:large, max-video-preview:-1\" \/>\n<link rel=\"canonical\" href=\"https:\/\/amselclinic.eu\/fi\/kirurginen-haavanhoito\/\" \/>\n<meta property=\"og:locale\" content=\"fi_FI\" \/>\n<meta property=\"og:type\" content=\"article\" \/>\n<meta property=\"og:title\" content=\"Kirurginen haavanhoito - Amsel Clinic\" \/>\n<meta property=\"og:description\" content=\"Yleiset ohjeet kirurgiseen haavan hoitoon Leikkauksen aikana syntyy leikkaushaava. Haava suljetaan ompeleilla leikkauksen aikanap\u00e4\u00e4ttyy ja katsotaan suljetuksi ulkopuolelta 24\u201348 tunnin kuluttua. Haavan laastari on vaihdettava, jos laastarin l\u00e4pi on imeytynyt verta tai eritteit\u00e4 tai jos laastari on likaantunut tai kastunut esimerkiksi pesun j\u00e4lkeen. Haavojen hoito ja hygienia Puhtaus on t\u00e4rke\u00e4\u00e4 haavan hoidossa. Pese aina k\u00e4tesi [&hellip;]\" \/>\n<meta property=\"og:url\" content=\"https:\/\/amselclinic.eu\/fi\/kirurginen-haavanhoito\/\" \/>\n<meta property=\"og:site_name\" content=\"Amsel Clinic\" \/>\n<meta property=\"article:modified_time\" content=\"2025-01-28T13:45:02+00:00\" \/>\n<meta property=\"og:image\" content=\"https:\/\/amselclinic.eu\/wp-content\/uploads\/23JJ0925_568-2.jpg\" \/>\n\t<meta property=\"og:image:width\" content=\"1440\" \/>\n\t<meta property=\"og:image:height\" content=\"854\" \/>\n\t<meta property=\"og:image:type\" content=\"image\/jpeg\" \/>\n<meta name=\"twitter:card\" content=\"summary_large_image\" \/>\n<meta name=\"twitter:label1\" content=\"Arvioitu lukuaika\" \/>\n\t<meta name=\"twitter:data1\" content=\"3 minuuttia\" \/>\n<script type=\"application\/ld+json\" class=\"yoast-schema-graph\">{\"@context\":\"https:\\\/\\\/schema.org\",\"@graph\":[{\"@type\":\"WebPage\",\"@id\":\"https:\\\/\\\/amselclinic.eu\\\/fi\\\/kirurginen-haavanhoito\\\/\",\"url\":\"https:\\\/\\\/amselclinic.eu\\\/fi\\\/kirurginen-haavanhoito\\\/\",\"name\":\"Kirurginen haavanhoito - Amsel Clinic\",\"isPartOf\":{\"@id\":\"https:\\\/\\\/amselclinic.eu\\\/fi\\\/#website\"},\"datePublished\":\"2024-01-15T18:46:35+00:00\",\"dateModified\":\"2025-01-28T13:45:02+00:00\",\"breadcrumb\":{\"@id\":\"https:\\\/\\\/amselclinic.eu\\\/fi\\\/kirurginen-haavanhoito\\\/#breadcrumb\"},\"inLanguage\":\"fi\",\"potentialAction\":[{\"@type\":\"ReadAction\",\"target\":[\"https:\\\/\\\/amselclinic.eu\\\/fi\\\/kirurginen-haavanhoito\\\/\"]}]},{\"@type\":\"BreadcrumbList\",\"@id\":\"https:\\\/\\\/amselclinic.eu\\\/fi\\\/kirurginen-haavanhoito\\\/#breadcrumb\",\"itemListElement\":[{\"@type\":\"ListItem\",\"position\":1,\"name\":\"Kotisivu\",\"item\":\"https:\\\/\\\/amselclinic.eu\\\/fi\\\/kotisivu\\\/\"},{\"@type\":\"ListItem\",\"position\":2,\"name\":\"Kirurginen haavanhoito\"}]},{\"@type\":\"WebSite\",\"@id\":\"https:\\\/\\\/amselclinic.eu\\\/fi\\\/#website\",\"url\":\"https:\\\/\\\/amselclinic.eu\\\/fi\\\/\",\"name\":\"Amsel Clinic\",\"description\":\"Alati meie patsientidele parim kaaslane teekonnal tervema ja enesekindlama elu poole!\",\"publisher\":{\"@id\":\"https:\\\/\\\/amselclinic.eu\\\/fi\\\/#organization\"},\"alternateName\":\"Amsel\",\"potentialAction\":[{\"@type\":\"SearchAction\",\"target\":{\"@type\":\"EntryPoint\",\"urlTemplate\":\"https:\\\/\\\/amselclinic.eu\\\/fi\\\/?s={search_term_string}\"},\"query-input\":{\"@type\":\"PropertyValueSpecification\",\"valueRequired\":true,\"valueName\":\"search_term_string\"}}],\"inLanguage\":\"fi\"},{\"@type\":\"Organization\",\"@id\":\"https:\\\/\\\/amselclinic.eu\\\/fi\\\/#organization\",\"name\":\"BARIATRIC SERVICES AS\",\"alternateName\":\"Amsel Clinic\",\"url\":\"https:\\\/\\\/amselclinic.eu\\\/fi\\\/\",\"logo\":{\"@type\":\"ImageObject\",\"inLanguage\":\"fi\",\"@id\":\"https:\\\/\\\/amselclinic.eu\\\/fi\\\/#\\\/schema\\\/logo\\\/image\\\/\",\"url\":\"https:\\\/\\\/amselclinic.eu\\\/wp-content\\\/uploads\\\/Amsel-logo-sinine.svg\",\"contentUrl\":\"https:\\\/\\\/amselclinic.eu\\\/wp-content\\\/uploads\\\/Amsel-logo-sinine.svg\",\"width\":673.55,\"height\":632.11,\"caption\":\"BARIATRIC SERVICES AS\"},\"image\":{\"@id\":\"https:\\\/\\\/amselclinic.eu\\\/fi\\\/#\\\/schema\\\/logo\\\/image\\\/\"}}]}<\/script>\n<!-- \/ Yoast SEO plugin. -->","yoast_head_json":{"title":"Kirurginen haavanhoito - Amsel Clinic","robots":{"index":"index","follow":"follow","max-snippet":"max-snippet:-1","max-image-preview":"max-image-preview:large","max-video-preview":"max-video-preview:-1"},"canonical":"https:\/\/amselclinic.eu\/fi\/kirurginen-haavanhoito\/","og_locale":"fi_FI","og_type":"article","og_title":"Kirurginen haavanhoito - Amsel Clinic","og_description":"Yleiset ohjeet kirurgiseen haavan hoitoon Leikkauksen aikana syntyy leikkaushaava. Haava suljetaan ompeleilla leikkauksen aikanap\u00e4\u00e4ttyy ja katsotaan suljetuksi ulkopuolelta 24\u201348 tunnin kuluttua. Haavan laastari on vaihdettava, jos laastarin l\u00e4pi on imeytynyt verta tai eritteit\u00e4 tai jos laastari on likaantunut tai kastunut esimerkiksi pesun j\u00e4lkeen. Haavojen hoito ja hygienia Puhtaus on t\u00e4rke\u00e4\u00e4 haavan hoidossa. Pese aina k\u00e4tesi [&hellip;]","og_url":"https:\/\/amselclinic.eu\/fi\/kirurginen-haavanhoito\/","og_site_name":"Amsel Clinic","article_modified_time":"2025-01-28T13:45:02+00:00","og_image":[{"width":1440,"height":854,"url":"https:\/\/amselclinic.eu\/wp-content\/uploads\/23JJ0925_568-2.jpg","type":"image\/jpeg"}],"twitter_card":"summary_large_image","twitter_misc":{"Arvioitu lukuaika":"3 minuuttia"},"schema":{"@context":"https:\/\/schema.org","@graph":[{"@type":"WebPage","@id":"https:\/\/amselclinic.eu\/fi\/kirurginen-haavanhoito\/","url":"https:\/\/amselclinic.eu\/fi\/kirurginen-haavanhoito\/","name":"Kirurginen haavanhoito - Amsel Clinic","isPartOf":{"@id":"https:\/\/amselclinic.eu\/fi\/#website"},"datePublished":"2024-01-15T18:46:35+00:00","dateModified":"2025-01-28T13:45:02+00:00","breadcrumb":{"@id":"https:\/\/amselclinic.eu\/fi\/kirurginen-haavanhoito\/#breadcrumb"},"inLanguage":"fi","potentialAction":[{"@type":"ReadAction","target":["https:\/\/amselclinic.eu\/fi\/kirurginen-haavanhoito\/"]}]},{"@type":"BreadcrumbList","@id":"https:\/\/amselclinic.eu\/fi\/kirurginen-haavanhoito\/#breadcrumb","itemListElement":[{"@type":"ListItem","position":1,"name":"Kotisivu","item":"https:\/\/amselclinic.eu\/fi\/kotisivu\/"},{"@type":"ListItem","position":2,"name":"Kirurginen haavanhoito"}]},{"@type":"WebSite","@id":"https:\/\/amselclinic.eu\/fi\/#website","url":"https:\/\/amselclinic.eu\/fi\/","name":"Amsel Clinic","description":"Alati meie patsientidele parim kaaslane teekonnal tervema ja enesekindlama elu poole!","publisher":{"@id":"https:\/\/amselclinic.eu\/fi\/#organization"},"alternateName":"Amsel","potentialAction":[{"@type":"SearchAction","target":{"@type":"EntryPoint","urlTemplate":"https:\/\/amselclinic.eu\/fi\/?s={search_term_string}"},"query-input":{"@type":"PropertyValueSpecification","valueRequired":true,"valueName":"search_term_string"}}],"inLanguage":"fi"},{"@type":"Organization","@id":"https:\/\/amselclinic.eu\/fi\/#organization","name":"BARIATRIC SERVICES AS","alternateName":"Amsel Clinic","url":"https:\/\/amselclinic.eu\/fi\/","logo":{"@type":"ImageObject","inLanguage":"fi","@id":"https:\/\/amselclinic.eu\/fi\/#\/schema\/logo\/image\/","url":"https:\/\/amselclinic.eu\/wp-content\/uploads\/Amsel-logo-sinine.svg","contentUrl":"https:\/\/amselclinic.eu\/wp-content\/uploads\/Amsel-logo-sinine.svg","width":673.55,"height":632.11,"caption":"BARIATRIC SERVICES AS"},"image":{"@id":"https:\/\/amselclinic.eu\/fi\/#\/schema\/logo\/image\/"}}]}},"_links":{"self":[{"href":"https:\/\/amselclinic.eu\/fi\/wp-json\/wp\/v2\/pages\/4441","targetHints":{"allow":["GET"]}}],"collection":[{"href":"https:\/\/amselclinic.eu\/fi\/wp-json\/wp\/v2\/pages"}],"about":[{"href":"https:\/\/amselclinic.eu\/fi\/wp-json\/wp\/v2\/types\/page"}],"author":[{"embeddable":true,"href":"https:\/\/amselclinic.eu\/fi\/wp-json\/wp\/v2\/users\/2"}],"replies":[{"embeddable":true,"href":"https:\/\/amselclinic.eu\/fi\/wp-json\/wp\/v2\/comments?post=4441"}],"version-history":[{"count":8,"href":"https:\/\/amselclinic.eu\/fi\/wp-json\/wp\/v2\/pages\/4441\/revisions"}],"predecessor-version":[{"id":5528,"href":"https:\/\/amselclinic.eu\/fi\/wp-json\/wp\/v2\/pages\/4441\/revisions\/5528"}],"wp:attachment":[{"href":"https:\/\/amselclinic.eu\/fi\/wp-json\/wp\/v2\/media?parent=4441"}],"curies":[{"name":"wp","href":"https:\/\/api.w.org\/{rel}","templated":true}]}}